{"id":399,"date":"2021-03-24T11:34:08","date_gmt":"2021-03-24T11:34:08","guid":{"rendered":"https:\/\/macchina.vamtam.com\/?page_id=399"},"modified":"2026-02-12T13:41:15","modified_gmt":"2026-02-12T10:41:15","slug":"transfer-makinesi","status":"publish","type":"page","link":"https:\/\/www.kes-tech.com\/en\/transfer-makinesi\/","title":{"rendered":"Machining with Rotary Transfer Machine"},"content":{"rendered":"<div data-elementor-type=\"wp-page\" data-elementor-id=\"399\" class=\"elementor elementor-399\" data-elementor-post-type=\"page\">\n\t\t\t\t\t\t<section class=\"elementor-section elementor-top-section elementor-element elementor-element-2b5c80b6 elementor-section-height-min-height elementor-section-content-middle elementor-section-boxed elementor-section-height-default elementor-section-items-middle\" data-id=\"2b5c80b6\" data-element_type=\"section\">\n\t\t\t\t\t\t<div class=\"elementor-container elementor-column-gap-no\">\n\t\t\t\t\t<div class=\"elementor-column elementor-col-100 elementor-top-column elementor-element elementor-element-26d97a6d\" data-id=\"26d97a6d\" data-element_type=\"column\" data-settings=\"{&quot;background_background&quot;:&quot;classic&quot;}\">\n\t\t\t<div class=\"elementor-widget-wrap elementor-element-populated\">\n\t\t\t\t\t\t\t<\/div>\n\t\t<\/div>\n\t\t\t\t\t<\/div>\n\t\t<\/section>\n\t\t<div class=\"elementor-element elementor-element-0c6c56a e-flex e-con-boxed e-con e-parent\" data-id=\"0c6c56a\" data-element_type=\"container\">\n\t\t\t\t\t<div class=\"e-con-inner\">\n\t\t<div class=\"elementor-element elementor-element-16838e0 e-con-full e-flex e-con e-child\" data-id=\"16838e0\" data-element_type=\"container\">\n\t\t\t\t<div class=\"elementor-element elementor-element-ab716f4 elementor-widget elementor-widget-button\" data-id=\"ab716f4\" data-element_type=\"widget\" data-widget_type=\"button.default\">\n\t\t\t\t<div class=\"elementor-widget-container\">\n\t\t\t\t\t\t\t\t\t<div class=\"elementor-button-wrapper\">\n\t\t\t\t\t<a class=\"elementor-button elementor-button-link elementor-size-sm\" href=\"\/en\/transfer-makinelerimiz\/\">\n\t\t\t\t\t\t<span class=\"elementor-button-content-wrapper\">\n\t\t\t\t\t\t\t\t\t<span class=\"elementor-button-text\">transfer machines<\/span>\n\t\t\t\t\t<\/span>\n\t\t\t\t\t<\/a>\n\t\t\t\t<\/div>\n\t\t\t\t\t\t\t\t<\/div>\n\t\t\t\t<\/div>\n\t\t\t\t<div class=\"elementor-element elementor-element-7b34818 elementor-widget elementor-widget-button\" data-id=\"7b34818\" data-element_type=\"widget\" data-widget_type=\"button.default\">\n\t\t\t\t<div class=\"elementor-widget-container\">\n\t\t\t\t\t\t\t\t\t<div class=\"elementor-button-wrapper\">\n\t\t\t\t\t<a class=\"elementor-button elementor-button-link elementor-size-sm\" href=\"\/en\/spindel-modellerimiz\/\">\n\t\t\t\t\t\t<span class=\"elementor-button-content-wrapper\">\n\t\t\t\t\t\t\t\t\t<span class=\"elementor-button-text\">spindel models<\/span>\n\t\t\t\t\t<\/span>\n\t\t\t\t\t<\/a>\n\t\t\t\t<\/div>\n\t\t\t\t\t\t\t\t<\/div>\n\t\t\t\t<\/div>\n\t\t\t\t<div class=\"elementor-element elementor-element-381211d elementor-widget elementor-widget-button\" data-id=\"381211d\" data-element_type=\"widget\" data-widget_type=\"button.default\">\n\t\t\t\t<div class=\"elementor-widget-container\">\n\t\t\t\t\t\t\t\t\t<div class=\"elementor-button-wrapper\">\n\t\t\t\t\t<a class=\"elementor-button elementor-button-link elementor-size-sm\" href=\"\/en\/robotik-otomasyon\/\">\n\t\t\t\t\t\t<span class=\"elementor-button-content-wrapper\">\n\t\t\t\t\t\t\t\t\t<span class=\"elementor-button-text\">Robotic Automation<\/span>\n\t\t\t\t\t<\/span>\n\t\t\t\t\t<\/a>\n\t\t\t\t<\/div>\n\t\t\t\t\t\t\t\t<\/div>\n\t\t\t\t<\/div>\n\t\t\t\t<\/div>\n\t\t\t\t\t<\/div>\n\t\t\t\t<\/div>\n\t\t<div class=\"elementor-element elementor-element-0e684ad e-flex e-con-boxed e-con e-parent\" data-id=\"0e684ad\" data-element_type=\"container\">\n\t\t\t\t\t<div class=\"e-con-inner\">\n\t\t<div class=\"elementor-element elementor-element-def5bbb e-con-full e-flex e-con e-child\" data-id=\"def5bbb\" data-element_type=\"container\">\n\t\t\t\t<div class=\"elementor-element elementor-element-4bfdbda elementor-widget elementor-widget-heading\" data-id=\"4bfdbda\" data-element_type=\"widget\" data-widget_type=\"heading.default\">\n\t\t\t\t<div class=\"elementor-widget-container\">\n\t\t\t\t\t<h2 class=\"elementor-heading-title elementor-size-default\">Why Rotary Transfer Machine? A Revolution in Mass Production<\/h2>\t\t\t\t<\/div>\n\t\t\t\t<\/div>\n\t\t\t\t<div class=\"elementor-element elementor-element-f68a606 elementor-widget elementor-widget-text-editor\" data-id=\"f68a606\" data-element_type=\"widget\" data-widget_type=\"text-editor.default\">\n\t\t\t\t<div class=\"elementor-widget-container\">\n\t\t\t\t\t\t\t\t\t<p data-path-to-node=\"5\"><b data-path-to-node=\"5\" data-index-in-node=\"0\">Using<\/b> Rotary Transfer <b data-path-to-node=\"5\" data-index-in-node=\"25\">Machines<\/b> in mass production processes is the most efficient way to multiply your manufacturing capacity. Unlike conventional universal machines (such as CNC lathes or machining centers), transfer machines perform all operations on the workpiece simultaneously.<\/p><ul data-path-to-node=\"6\"><li><p data-path-to-node=\"6,0,0\"><b data-path-to-node=\"6,0,0\" data-index-in-node=\"0\">Multi-Station Advantage:<\/b> Operations on different axes of the workpiece are executed concurrently through a specialized drum system<\/p><\/li><li><p data-path-to-node=\"6,1,0\" class=\"translation-block\"><b data-path-to-node=\"6,1,0\" data-index-in-node=\"0\">Maximum Capacity:<\/b> A single transfer machine can match the production output of <b data-path-to-node=\"6,1,0\" data-index-in-node=\"72\">5 to 20 universal machines<\/b>, depending on part complexity.<\/p><\/li><li><p data-path-to-node=\"6,2,0\" class=\"translation-block\"><b data-path-to-node=\"6,2,0\" data-index-in-node=\"0\">Minimized Downtime:<\/b> Loading and unloading of parts is carried out in parallel with ongoing operations, ensuring the machine never remains idle.<\/p><\/li><\/ul>\t\t\t\t\t\t\t\t<\/div>\n\t\t\t\t<\/div>\n\t\t\t\t<\/div>\n\t\t<div class=\"elementor-element elementor-element-4834713 e-con-full e-flex e-con e-child\" data-id=\"4834713\" data-element_type=\"container\">\n\t\t\t\t<div class=\"elementor-element elementor-element-8768f1a elementor-widget elementor-widget-heading\" data-id=\"8768f1a\" data-element_type=\"widget\" data-widget_type=\"heading.default\">\n\t\t\t\t<div class=\"elementor-widget-container\">\n\t\t\t\t\t<h2 class=\"elementor-heading-title elementor-size-default\">Robotic Automation Integration in Machining Processes<\/h2>\t\t\t\t<\/div>\n\t\t\t\t<\/div>\n\t\t\t\t<div class=\"elementor-element elementor-element-9c17f51 elementor-widget elementor-widget-text-editor\" data-id=\"9c17f51\" data-element_type=\"widget\" data-widget_type=\"text-editor.default\">\n\t\t\t\t<div class=\"elementor-widget-container\">\n\t\t\t\t\t\t\t\t\t<p data-path-to-node=\"8\"><b data-path-to-node=\"8\" data-index-in-node=\"0\">Tala\u015fl\u0131 imalat<\/b> verimlili\u011fini zirveye ta\u015f\u0131mak i\u00e7in makinelerimiz <b data-path-to-node=\"8\" data-index-in-node=\"64\">Robotic Automation<\/b> sistemleri ile tam uyumludur. Bu entegrasyon sayesinde:<\/p><ol start=\"1\" data-path-to-node=\"9\"><li><p data-path-to-node=\"9,0,0\">Operator-related time losses are eliminated.<\/p><\/li><li><p data-path-to-node=\"9,1,0\" class=\"translation-block\"><b data-path-to-node=\"9,1,0\" data-index-in-node=\"0\">Cycle time is reduced to the\n<\/b> lowest possible level.<\/p><\/li><li><p data-path-to-node=\"9,2,0\">Continuous and error-free production is ensured for 24 hours.<\/p><\/li><\/ol><p style=\"font-style: normal; font-variant-ligatures: normal; font-variant-caps: normal; font-weight: 400; font-size: 16px; font-family: Poppins, sans-serif;\">\u00a0Thanks to these combined advantages, transfer machines can match the total production capacity of approximately 5 to 20 universal machines\u2014depending on the number of operations required per part\u2014using a single unit. For this reason, transfer technology remains the most efficient alternative method for high-volume production today and will continue to lead the way in the future.<\/p>\t\t\t\t\t\t\t\t<\/div>\n\t\t\t\t<\/div>\n\t\t\t\t<\/div>\n\t\t\t\t\t<\/div>\n\t\t\t\t<\/div>\n\t\t<div class=\"elementor-element elementor-element-929a8e9 e-flex e-con-boxed e-con e-parent\" data-id=\"929a8e9\" data-element_type=\"container\">\n\t\t\t\t\t<div class=\"e-con-inner\">\n\t\t<div class=\"elementor-element elementor-element-975396d e-con-full e-flex e-con e-child\" data-id=\"975396d\" data-element_type=\"container\">\n\t\t\t\t<div class=\"vamtam-has-theme-widget-styles elementor-element elementor-element-af5c71d elementor-widget elementor-widget-image\" data-id=\"af5c71d\" data-element_type=\"widget\" data-widget_type=\"image.default\">\n\t\t\t\t<div class=\"elementor-widget-container\">\n\t\t\t\t\t\t\t\t\t<div class=\"elementor-image\">\n\t\t\t\t\t\t\t\t\t\t\t\t\t\t\t\t\t\t\t\t\t\t<a href=\"\/en\/zerith\/\">\n\t\t\t\t\t\t\t\t\t\t\t<img fetchpriority=\"high\" decoding=\"async\" width=\"768\" height=\"461\" src=\"https:\/\/www.kes-tech.com\/wp-content\/uploads\/2026\/02\/cnc-transfer-makinesi-genel-gorunum-768x461.jpg\" class=\"elementor-animation-shrink attachment-medium_large size-medium_large wp-image-20726\" alt=\"Y\u00fcksek hassasiyetli CNC transfer makinesi genel g\u00f6r\u00fcn\u00fcm\u00fc ve \u00e7al\u0131\u015fma alan\u0131\" srcset=\"https:\/\/www.kes-tech.com\/wp-content\/uploads\/2026\/02\/cnc-transfer-makinesi-genel-gorunum-768x461.jpg 768w, https:\/\/www.kes-tech.com\/wp-content\/uploads\/2026\/02\/cnc-transfer-makinesi-genel-gorunum-300x180.jpg 300w, https:\/\/www.kes-tech.com\/wp-content\/uploads\/2026\/02\/cnc-transfer-makinesi-genel-gorunum-1024x614.jpg 1024w, https:\/\/www.kes-tech.com\/wp-content\/uploads\/2026\/02\/cnc-transfer-makinesi-genel-gorunum-18x12.jpg 18w, https:\/\/www.kes-tech.com\/wp-content\/uploads\/2026\/02\/cnc-transfer-makinesi-genel-gorunum.jpg 1125w\" sizes=\"(max-width: 768px) 100vw, 768px\" \/>\t\t\t\t\t\t\t\t\t\t\t\t<\/a>\n\t\t\t\t\t\t\t\t\t\t\t\t\t\t\t\t\t\t\t\t\t\t\t\t<\/div>\n\t\t\t\t\t\t\t\t<\/div>\n\t\t\t\t<\/div>\n\t\t\t\t<\/div>\n\t\t<div class=\"elementor-element elementor-element-868a890 e-con-full e-flex e-con e-child\" data-id=\"868a890\" data-element_type=\"container\">\n\t\t\t\t<div class=\"vamtam-has-theme-widget-styles elementor-element elementor-element-a36240f elementor-widget elementor-widget-image\" data-id=\"a36240f\" data-element_type=\"widget\" data-widget_type=\"image.default\">\n\t\t\t\t<div class=\"elementor-widget-container\">\n\t\t\t\t\t\t\t\t\t<div class=\"elementor-image\">\n\t\t\t\t\t\t\t\t\t\t\t\t\t\t\t\t\t\t\t\t\t\t<a href=\"\/en\/multivexa\/\">\n\t\t\t\t\t\t\t\t\t\t\t<img decoding=\"async\" width=\"768\" height=\"461\" src=\"https:\/\/www.kes-tech.com\/wp-content\/uploads\/2026\/02\/cnc-transfer-tezgahi-isleme-unitesi-768x461.jpg\" class=\"elementor-animation-shrink attachment-medium_large size-medium_large wp-image-20736\" alt=\"CNC transfer tezgah\u0131 \u00e7ok eksenli i\u015fleme \u00fcnitesi ve tak\u0131m tutucu detay\u0131\" srcset=\"https:\/\/www.kes-tech.com\/wp-content\/uploads\/2026\/02\/cnc-transfer-tezgahi-isleme-unitesi-768x461.jpg 768w, https:\/\/www.kes-tech.com\/wp-content\/uploads\/2026\/02\/cnc-transfer-tezgahi-isleme-unitesi-300x180.jpg 300w, https:\/\/www.kes-tech.com\/wp-content\/uploads\/2026\/02\/cnc-transfer-tezgahi-isleme-unitesi-1024x614.jpg 1024w, https:\/\/www.kes-tech.com\/wp-content\/uploads\/2026\/02\/cnc-transfer-tezgahi-isleme-unitesi-18x12.jpg 18w, https:\/\/www.kes-tech.com\/wp-content\/uploads\/2026\/02\/cnc-transfer-tezgahi-isleme-unitesi.jpg 1125w\" sizes=\"(max-width: 768px) 100vw, 768px\" \/>\t\t\t\t\t\t\t\t\t\t\t\t<\/a>\n\t\t\t\t\t\t\t\t\t\t\t\t\t\t\t\t\t\t\t\t\t\t\t\t<\/div>\n\t\t\t\t\t\t\t\t<\/div>\n\t\t\t\t<\/div>\n\t\t\t\t<\/div>\n\t\t<div class=\"elementor-element elementor-element-6f9d92f e-con-full e-flex e-con e-child\" data-id=\"6f9d92f\" data-element_type=\"container\">\n\t\t\t\t<div class=\"vamtam-has-theme-widget-styles elementor-element elementor-element-a922dd4 elementor-widget elementor-widget-image\" data-id=\"a922dd4\" data-element_type=\"widget\" data-widget_type=\"image.default\">\n\t\t\t\t<div class=\"elementor-widget-container\">\n\t\t\t\t\t\t\t\t\t<div class=\"elementor-image\">\n\t\t\t\t\t\t\t\t\t\t\t\t\t\t\t\t\t\t\t\t\t\t<a href=\"\/en\/turvex\/\">\n\t\t\t\t\t\t\t\t\t\t\t<img decoding=\"async\" width=\"768\" height=\"461\" src=\"https:\/\/www.kes-tech.com\/wp-content\/uploads\/2026\/02\/cnc-transfer-makinesi-uretim-asamasi-govde-768x461.png\" class=\"elementor-animation-shrink attachment-medium_large size-medium_large wp-image-20773\" alt=\"Fabrikada \u00fcretim a\u015famas\u0131ndaki CNC transfer makinesi \u00e7elik g\u00f6vde ve \u015fasisi\" srcset=\"https:\/\/www.kes-tech.com\/wp-content\/uploads\/2026\/02\/cnc-transfer-makinesi-uretim-asamasi-govde-768x461.png 768w, https:\/\/www.kes-tech.com\/wp-content\/uploads\/2026\/02\/cnc-transfer-makinesi-uretim-asamasi-govde-300x180.png 300w, https:\/\/www.kes-tech.com\/wp-content\/uploads\/2026\/02\/cnc-transfer-makinesi-uretim-asamasi-govde-1024x614.png 1024w, https:\/\/www.kes-tech.com\/wp-content\/uploads\/2026\/02\/cnc-transfer-makinesi-uretim-asamasi-govde-18x12.png 18w, https:\/\/www.kes-tech.com\/wp-content\/uploads\/2026\/02\/cnc-transfer-makinesi-uretim-asamasi-govde.png 1125w\" sizes=\"(max-width: 768px) 100vw, 768px\" \/>\t\t\t\t\t\t\t\t\t\t\t\t<\/a>\n\t\t\t\t\t\t\t\t\t\t\t\t\t\t\t\t\t\t\t\t\t\t\t\t<\/div>\n\t\t\t\t\t\t\t\t<\/div>\n\t\t\t\t<\/div>\n\t\t\t\t<\/div>\n\t\t<div class=\"elementor-element elementor-element-093ed1c e-con-full e-flex e-con e-child\" data-id=\"093ed1c\" data-element_type=\"container\">\n\t\t\t\t<div class=\"vamtam-has-theme-widget-styles elementor-element elementor-element-f1cd731 elementor-widget elementor-widget-image\" data-id=\"f1cd731\" data-element_type=\"widget\" data-widget_type=\"image.default\">\n\t\t\t\t<div class=\"elementor-widget-container\">\n\t\t\t\t\t\t\t\t\t<div class=\"elementor-image\">\n\t\t\t\t\t\t\t\t\t\t\t\t\t\t\t\t\t\t\t\t\t\t<a href=\"\/en\/ozel-uretim\/\">\n\t\t\t\t\t\t\t\t\t\t\t<img loading=\"lazy\" decoding=\"async\" width=\"1024\" height=\"614\" src=\"https:\/\/www.kes-tech.com\/wp-content\/uploads\/2026\/02\/ozel-tasarim-transfer-tezgahi-fiyatlari-1024x614.jpg\" class=\"elementor-animation-shrink attachment-large size-large wp-image-20750\" alt=\"\" srcset=\"https:\/\/www.kes-tech.com\/wp-content\/uploads\/2026\/02\/ozel-tasarim-transfer-tezgahi-fiyatlari-1024x614.jpg 1024w, https:\/\/www.kes-tech.com\/wp-content\/uploads\/2026\/02\/ozel-tasarim-transfer-tezgahi-fiyatlari-300x180.jpg 300w, https:\/\/www.kes-tech.com\/wp-content\/uploads\/2026\/02\/ozel-tasarim-transfer-tezgahi-fiyatlari-768x461.jpg 768w, https:\/\/www.kes-tech.com\/wp-content\/uploads\/2026\/02\/ozel-tasarim-transfer-tezgahi-fiyatlari-18x12.jpg 18w, https:\/\/www.kes-tech.com\/wp-content\/uploads\/2026\/02\/ozel-tasarim-transfer-tezgahi-fiyatlari.jpg 1125w\" sizes=\"(max-width: 1024px) 100vw, 1024px\" \/>\t\t\t\t\t\t\t\t\t\t\t\t<\/a>\n\t\t\t\t\t\t\t\t\t\t\t\t\t\t\t\t\t\t\t\t\t\t\t\t<\/div>\n\t\t\t\t\t\t\t\t<\/div>\n\t\t\t\t<\/div>\n\t\t\t\t<\/div>\n\t\t\t\t\t<\/div>\n\t\t\t\t<\/div>\n\t\t\t\t<\/div>","protected":false},"excerpt":{"rendered":"<p>transfer makineleri spindel modelleri robotik otomasyon Neden Transfer Tezgah\u0131? Seri \u0130malatta Devrim Seri imalat s\u00fcre\u00e7lerinde transfer makinesi kullanmak, \u00fcretim kapasitenizi katlaman\u0131n en k\u0131sa yoludur. Geleneksel \u00fcniversal tezgahlardan (CNC Torna, \u0130\u015fleme Merkezi vb.) farkl\u0131 olarak, transfer makineleri par\u00e7an\u0131n t\u00fcm operasyonlar\u0131n\u0131 ayn\u0131 anda ger\u00e7ekle\u015ftirir. \u00c7oklu \u0130stasyon Avantaj\u0131: Par\u00e7an\u0131n farkl\u0131 eksenlerindeki i\u015flemler, \u00f6zel tambur sistemi sayesinde ayn\u0131 anda&#8230;<\/p>","protected":false},"author":1,"featured_media":0,"parent":0,"menu_order":0,"comment_status":"closed","ping_status":"closed","template":"","meta":{"footnotes":""},"class_list":["post-399","page","type-page","status-publish","hentry"],"yoast_head":"<!-- This site is optimized with the Yoast SEO Premium plugin v26.6 (Yoast SEO v26.8) - https:\/\/yoast.com\/product\/yoast-seo-premium-wordpress\/ -->\n<title>Transfer Makinesi ve Transfer Tezgah\u0131 \u00c7\u00f6z\u00fcmleri | KesTECH<\/title>\n<meta name=\"description\" content=\"KesTECH CNC transfer makinesi ve transfer tezgah\u0131 ile seri imalatta devrim. Tala\u015fl\u0131 imalat s\u00fcre\u00e7lerinizde maksimum h\u0131z ve robotik otomasyon \u00e7\u00f6z\u00fcmleri i\u00e7in t\u0131klay\u0131n.\" \/>\n<meta name=\"robots\" content=\"index, follow, max-snippet:-1, max-image-preview:large, max-video-preview:-1\" \/>\n<link rel=\"canonical\" href=\"https:\/\/www.kes-tech.com\/en\/transfer-makinesi\/\" \/>\n<meta property=\"og:locale\" content=\"en_US\" \/>\n<meta property=\"og:type\" content=\"article\" \/>\n<meta property=\"og:title\" content=\"CNC Transfer Makinesi ile Tala\u015fl\u0131 \u0130malat\" \/>\n<meta property=\"og:description\" content=\"KesTECH CNC transfer makinesi ve transfer tezgah\u0131 ile seri imalatta devrim. Tala\u015fl\u0131 imalat s\u00fcre\u00e7lerinizde maksimum h\u0131z ve robotik otomasyon \u00e7\u00f6z\u00fcmleri i\u00e7in t\u0131klay\u0131n.\" \/>\n<meta property=\"og:url\" content=\"https:\/\/www.kes-tech.com\/en\/transfer-makinesi\/\" \/>\n<meta property=\"og:site_name\" content=\"KesTech- Transfer Makinas\u0131\" \/>\n<meta property=\"article:publisher\" content=\"https:\/\/www.facebook.com\/Kestechmakine\/?locale=tr_TR\" \/>\n<meta property=\"article:modified_time\" content=\"2026-02-12T10:41:15+00:00\" \/>\n<meta property=\"og:image\" content=\"https:\/\/www.kes-tech.com\/wp-content\/uploads\/2026\/02\/cnc-transfer-makinesi-genel-gorunum.jpg\" \/>\n\t<meta property=\"og:image:width\" content=\"1125\" \/>\n\t<meta property=\"og:image:height\" content=\"675\" \/>\n\t<meta property=\"og:image:type\" content=\"image\/jpeg\" \/>\n<meta name=\"twitter:card\" content=\"summary_large_image\" \/>\n<meta name=\"twitter:label1\" content=\"Est. reading time\" \/>\n\t<meta name=\"twitter:data1\" content=\"2 minutes\" \/>\n<script type=\"application\/ld+json\" class=\"yoast-schema-graph\">{\"@context\":\"https:\/\/schema.org\",\"@graph\":[{\"@type\":\"WebPage\",\"@id\":\"https:\/\/www.kes-tech.com\/transfer-makinesi\/\",\"url\":\"https:\/\/www.kes-tech.com\/transfer-makinesi\/\",\"name\":\"Transfer Makinesi ve Transfer Tezgah\u0131 \u00c7\u00f6z\u00fcmleri | KesTECH\",\"isPartOf\":{\"@id\":\"https:\/\/www.kes-tech.com\/#website\"},\"primaryImageOfPage\":{\"@id\":\"https:\/\/www.kes-tech.com\/transfer-makinesi\/#primaryimage\"},\"image\":{\"@id\":\"https:\/\/www.kes-tech.com\/transfer-makinesi\/#primaryimage\"},\"thumbnailUrl\":\"https:\/\/www.kes-tech.com\/wp-content\/uploads\/2026\/02\/cnc-transfer-makinesi-genel-gorunum-768x461.jpg\",\"datePublished\":\"2021-03-24T11:34:08+00:00\",\"dateModified\":\"2026-02-12T10:41:15+00:00\",\"description\":\"KesTECH CNC transfer makinesi ve transfer tezgah\u0131 ile seri imalatta devrim. Tala\u015fl\u0131 imalat s\u00fcre\u00e7lerinizde maksimum h\u0131z ve robotik otomasyon \u00e7\u00f6z\u00fcmleri i\u00e7in t\u0131klay\u0131n.\",\"breadcrumb\":{\"@id\":\"https:\/\/www.kes-tech.com\/transfer-makinesi\/#breadcrumb\"},\"inLanguage\":\"en-US\",\"potentialAction\":[{\"@type\":\"ReadAction\",\"target\":[\"https:\/\/www.kes-tech.com\/transfer-makinesi\/\"]}]},{\"@type\":\"ImageObject\",\"inLanguage\":\"en-US\",\"@id\":\"https:\/\/www.kes-tech.com\/transfer-makinesi\/#primaryimage\",\"url\":\"https:\/\/www.kes-tech.com\/wp-content\/uploads\/2026\/02\/cnc-transfer-makinesi-genel-gorunum-768x461.jpg\",\"contentUrl\":\"https:\/\/www.kes-tech.com\/wp-content\/uploads\/2026\/02\/cnc-transfer-makinesi-genel-gorunum-768x461.jpg\"},{\"@type\":\"BreadcrumbList\",\"@id\":\"https:\/\/www.kes-tech.com\/transfer-makinesi\/#breadcrumb\",\"itemListElement\":[{\"@type\":\"ListItem\",\"position\":1,\"name\":\"Anasayfa\",\"item\":\"https:\/\/www.kes-tech.com\/\"},{\"@type\":\"ListItem\",\"position\":2,\"name\":\"CNC Transfer Makinesi ile Tala\u015fl\u0131 \u0130malat\"}]},{\"@type\":\"WebSite\",\"@id\":\"https:\/\/www.kes-tech.com\/#website\",\"url\":\"https:\/\/www.kes-tech.com\/\",\"name\":\"KesTech- CNC Transfer Makinas\u0131\",\"description\":\"CNC Transfer Makinesi\",\"publisher\":{\"@id\":\"https:\/\/www.kes-tech.com\/#organization\"},\"alternateName\":\"CNC Transfer Makinas\u0131, Alt\u0131 Milli Kayar Otomat\",\"potentialAction\":[{\"@type\":\"SearchAction\",\"target\":{\"@type\":\"EntryPoint\",\"urlTemplate\":\"https:\/\/www.kes-tech.com\/?s={search_term_string}\"},\"query-input\":{\"@type\":\"PropertyValueSpecification\",\"valueRequired\":true,\"valueName\":\"search_term_string\"}}],\"inLanguage\":\"en-US\"},{\"@type\":\"Organization\",\"@id\":\"https:\/\/www.kes-tech.com\/#organization\",\"name\":\"KesTech-CNC Transfer Makinas\u0131\",\"alternateName\":\"CNC Transfer Makinas\u0131, Alt\u0131 Milli Kayar Otomat\",\"url\":\"https:\/\/www.kes-tech.com\/\",\"logo\":{\"@type\":\"ImageObject\",\"inLanguage\":\"en-US\",\"@id\":\"https:\/\/www.kes-tech.com\/#\/schema\/logo\/image\/\",\"url\":\"https:\/\/www.kes-tech.com\/wp-content\/uploads\/2025\/07\/Transfer-Makinesi-004.webp\",\"contentUrl\":\"https:\/\/www.kes-tech.com\/wp-content\/uploads\/2025\/07\/Transfer-Makinesi-004.webp\",\"width\":1024,\"height\":576,\"caption\":\"KesTech-CNC Transfer Makinas\u0131\"},\"image\":{\"@id\":\"https:\/\/www.kes-tech.com\/#\/schema\/logo\/image\/\"},\"sameAs\":[\"https:\/\/www.facebook.com\/Kestechmakine\/?locale=tr_TR\",\"https:\/\/www.linkedin.com\/company\/kestech\/\",\"https:\/\/www.instagram.com\/rotary.transfer\/\",\"https:\/\/www.youtube.com\/@kestechrotarytransfermachi90\"]}]}<\/script>\n<!-- \/ Yoast SEO Premium plugin. -->","yoast_head_json":{"title":"Transfer Makinesi ve Transfer Tezgah\u0131 \u00c7\u00f6z\u00fcmleri | KesTECH","description":"KesTECH CNC transfer makinesi ve transfer tezgah\u0131 ile seri imalatta devrim. Tala\u015fl\u0131 imalat s\u00fcre\u00e7lerinizde maksimum h\u0131z ve robotik otomasyon \u00e7\u00f6z\u00fcmleri i\u00e7in t\u0131klay\u0131n.","robots":{"index":"index","follow":"follow","max-snippet":"max-snippet:-1","max-image-preview":"max-image-preview:large","max-video-preview":"max-video-preview:-1"},"canonical":"https:\/\/www.kes-tech.com\/en\/transfer-makinesi\/","og_locale":"en_US","og_type":"article","og_title":"CNC Transfer Makinesi ile Tala\u015fl\u0131 \u0130malat","og_description":"KesTECH CNC transfer makinesi ve transfer tezgah\u0131 ile seri imalatta devrim. Tala\u015fl\u0131 imalat s\u00fcre\u00e7lerinizde maksimum h\u0131z ve robotik otomasyon \u00e7\u00f6z\u00fcmleri i\u00e7in t\u0131klay\u0131n.","og_url":"https:\/\/www.kes-tech.com\/en\/transfer-makinesi\/","og_site_name":"KesTech- Transfer Makinas\u0131","article_publisher":"https:\/\/www.facebook.com\/Kestechmakine\/?locale=tr_TR","article_modified_time":"2026-02-12T10:41:15+00:00","og_image":[{"width":1125,"height":675,"url":"https:\/\/www.kes-tech.com\/wp-content\/uploads\/2026\/02\/cnc-transfer-makinesi-genel-gorunum.jpg","type":"image\/jpeg"}],"twitter_card":"summary_large_image","twitter_misc":{"Est. reading time":"2 minutes"},"schema":{"@context":"https:\/\/schema.org","@graph":[{"@type":"WebPage","@id":"https:\/\/www.kes-tech.com\/transfer-makinesi\/","url":"https:\/\/www.kes-tech.com\/transfer-makinesi\/","name":"Transfer Makinesi ve Transfer Tezgah\u0131 \u00c7\u00f6z\u00fcmleri | KesTECH","isPartOf":{"@id":"https:\/\/www.kes-tech.com\/#website"},"primaryImageOfPage":{"@id":"https:\/\/www.kes-tech.com\/transfer-makinesi\/#primaryimage"},"image":{"@id":"https:\/\/www.kes-tech.com\/transfer-makinesi\/#primaryimage"},"thumbnailUrl":"https:\/\/www.kes-tech.com\/wp-content\/uploads\/2026\/02\/cnc-transfer-makinesi-genel-gorunum-768x461.jpg","datePublished":"2021-03-24T11:34:08+00:00","dateModified":"2026-02-12T10:41:15+00:00","description":"KesTECH CNC transfer makinesi ve transfer tezgah\u0131 ile seri imalatta devrim. Tala\u015fl\u0131 imalat s\u00fcre\u00e7lerinizde maksimum h\u0131z ve robotik otomasyon \u00e7\u00f6z\u00fcmleri i\u00e7in t\u0131klay\u0131n.","breadcrumb":{"@id":"https:\/\/www.kes-tech.com\/transfer-makinesi\/#breadcrumb"},"inLanguage":"en-US","potentialAction":[{"@type":"ReadAction","target":["https:\/\/www.kes-tech.com\/transfer-makinesi\/"]}]},{"@type":"ImageObject","inLanguage":"en-US","@id":"https:\/\/www.kes-tech.com\/transfer-makinesi\/#primaryimage","url":"https:\/\/www.kes-tech.com\/wp-content\/uploads\/2026\/02\/cnc-transfer-makinesi-genel-gorunum-768x461.jpg","contentUrl":"https:\/\/www.kes-tech.com\/wp-content\/uploads\/2026\/02\/cnc-transfer-makinesi-genel-gorunum-768x461.jpg"},{"@type":"BreadcrumbList","@id":"https:\/\/www.kes-tech.com\/transfer-makinesi\/#breadcrumb","itemListElement":[{"@type":"ListItem","position":1,"name":"Anasayfa","item":"https:\/\/www.kes-tech.com\/"},{"@type":"ListItem","position":2,"name":"CNC Transfer Makinesi ile Tala\u015fl\u0131 \u0130malat"}]},{"@type":"WebSite","@id":"https:\/\/www.kes-tech.com\/#website","url":"https:\/\/www.kes-tech.com\/","name":"KesTech- CNC Transfer Makinas\u0131","description":"CNC Transfer Makinesi","publisher":{"@id":"https:\/\/www.kes-tech.com\/#organization"},"alternateName":"CNC Transfer Makinas\u0131, Alt\u0131 Milli Kayar Otomat","potentialAction":[{"@type":"SearchAction","target":{"@type":"EntryPoint","urlTemplate":"https:\/\/www.kes-tech.com\/?s={search_term_string}"},"query-input":{"@type":"PropertyValueSpecification","valueRequired":true,"valueName":"search_term_string"}}],"inLanguage":"en-US"},{"@type":"Organization","@id":"https:\/\/www.kes-tech.com\/#organization","name":"KesTech-CNC Transfer Makinas\u0131","alternateName":"CNC Transfer Makinas\u0131, Alt\u0131 Milli Kayar Otomat","url":"https:\/\/www.kes-tech.com\/","logo":{"@type":"ImageObject","inLanguage":"en-US","@id":"https:\/\/www.kes-tech.com\/#\/schema\/logo\/image\/","url":"https:\/\/www.kes-tech.com\/wp-content\/uploads\/2025\/07\/Transfer-Makinesi-004.webp","contentUrl":"https:\/\/www.kes-tech.com\/wp-content\/uploads\/2025\/07\/Transfer-Makinesi-004.webp","width":1024,"height":576,"caption":"KesTech-CNC Transfer Makinas\u0131"},"image":{"@id":"https:\/\/www.kes-tech.com\/#\/schema\/logo\/image\/"},"sameAs":["https:\/\/www.facebook.com\/Kestechmakine\/?locale=tr_TR","https:\/\/www.linkedin.com\/company\/kestech\/","https:\/\/www.instagram.com\/rotary.transfer\/","https:\/\/www.youtube.com\/@kestechrotarytransfermachi90"]}]}},"_links":{"self":[{"href":"https:\/\/www.kes-tech.com\/en\/wp-json\/wp\/v2\/pages\/399","targetHints":{"allow":["GET"]}}],"collection":[{"href":"https:\/\/www.kes-tech.com\/en\/wp-json\/wp\/v2\/pages"}],"about":[{"href":"https:\/\/www.kes-tech.com\/en\/wp-json\/wp\/v2\/types\/page"}],"author":[{"embeddable":true,"href":"https:\/\/www.kes-tech.com\/en\/wp-json\/wp\/v2\/users\/1"}],"replies":[{"embeddable":true,"href":"https:\/\/www.kes-tech.com\/en\/wp-json\/wp\/v2\/comments?post=399"}],"version-history":[{"count":178,"href":"https:\/\/www.kes-tech.com\/en\/wp-json\/wp\/v2\/pages\/399\/revisions"}],"predecessor-version":[{"id":20779,"href":"https:\/\/www.kes-tech.com\/en\/wp-json\/wp\/v2\/pages\/399\/revisions\/20779"}],"wp:attachment":[{"href":"https:\/\/www.kes-tech.com\/en\/wp-json\/wp\/v2\/media?parent=399"}],"curies":[{"name":"wp","href":"https:\/\/api.w.org\/{rel}","templated":true}]}}