{"id":17543,"date":"2025-07-24T16:17:05","date_gmt":"2025-07-24T13:17:05","guid":{"rendered":"https:\/\/www.kes-tech.com\/?page_id=17543"},"modified":"2025-09-16T12:21:17","modified_gmt":"2025-09-16T09:21:17","slug":"ozel-uretim-unite","status":"publish","type":"page","link":"https:\/\/www.kes-tech.com\/es\/ozel-uretim-unite\/","title":{"rendered":"SPECIAL \u00dcN\u0130TE"},"content":{"rendered":"<div data-elementor-type=\"wp-page\" data-elementor-id=\"17543\" class=\"elementor elementor-17543\" data-elementor-post-type=\"page\">\n\t\t\t\t\t\t<section class=\"elementor-section elementor-top-section elementor-element elementor-element-bbbc3ae elementor-section-full_width elementor-section-height-default elementor-section-height-default\" data-id=\"bbbc3ae\" data-element_type=\"section\">\n\t\t\t\t\t\t<div class=\"elementor-container elementor-column-gap-no\">\n\t\t\t\t\t<div class=\"elementor-column elementor-col-50 elementor-top-column elementor-element elementor-element-2553785 elementor-hidden-phone\" data-id=\"2553785\" data-element_type=\"column\">\n\t\t\t<div class=\"elementor-widget-wrap\">\n\t\t\t\t\t\t\t<\/div>\n\t\t<\/div>\n\t\t\t\t<div class=\"elementor-column elementor-col-50 elementor-top-column elementor-element elementor-element-72e1f7d\" data-id=\"72e1f7d\" data-element_type=\"column\" data-settings=\"{&quot;background_background&quot;:&quot;classic&quot;}\">\n\t\t\t<div class=\"elementor-widget-wrap elementor-element-populated\">\n\t\t\t\t\t\t<div class=\"elementor-element elementor-element-fe6c2b5 elementor-widget elementor-widget-spacer\" data-id=\"fe6c2b5\" data-element_type=\"widget\" data-widget_type=\"spacer.default\">\n\t\t\t\t<div class=\"elementor-widget-container\">\n\t\t\t\t\t\t\t<div class=\"elementor-spacer\">\n\t\t\t<div class=\"elementor-spacer-inner\"><\/div>\n\t\t<\/div>\n\t\t\t\t\t\t<\/div>\n\t\t\t\t<\/div>\n\t\t\t\t\t<\/div>\n\t\t<\/div>\n\t\t\t\t\t<\/div>\n\t\t<\/section>\n\t\t\t\t<section class=\"elementor-section elementor-top-section elementor-element elementor-element-0f2eccd elementor-section-height-min-height elementor-section-items-bottom elementor-section-content-bottom elementor-section-full_width elementor-section-height-default\" data-id=\"0f2eccd\" data-element_type=\"section\">\n\t\t\t\t\t\t<div class=\"elementor-container elementor-column-gap-no\">\n\t\t\t\t\t<div class=\"elementor-column elementor-col-50 elementor-top-column elementor-element elementor-element-8fe1243\" data-id=\"8fe1243\" data-element_type=\"column\" data-settings=\"{&quot;background_background&quot;:&quot;classic&quot;}\">\n\t\t\t<div class=\"elementor-widget-wrap elementor-element-populated\">\n\t\t\t\t\t\t<div class=\"elementor-element elementor-element-820b920 elementor-invisible elementor-widget elementor-widget-heading\" data-id=\"820b920\" data-element_type=\"widget\" data-settings=\"{&quot;_animation&quot;:&quot;fadeInUp&quot;,&quot;_animation_tablet&quot;:&quot;none&quot;,&quot;_animation_mobile&quot;:&quot;none&quot;}\" data-widget_type=\"heading.default\">\n\t\t\t\t<div class=\"elementor-widget-container\">\n\t\t\t\t\t<div class=\"elementor-heading-title elementor-size-default\">No necesitas gastar millones para tener una m\u00e1quina de transferencia rotativa<\/div>\t\t\t\t<\/div>\n\t\t\t\t<\/div>\n\t\t\t\t\t<\/div>\n\t\t<\/div>\n\t\t\t\t<div class=\"elementor-column elementor-col-50 elementor-top-column elementor-element elementor-element-edd2e7e elementor-hidden-phone\" data-id=\"edd2e7e\" data-element_type=\"column\">\n\t\t\t<div class=\"elementor-widget-wrap\">\n\t\t\t\t\t\t\t<\/div>\n\t\t<\/div>\n\t\t\t\t\t<\/div>\n\t\t<\/section>\n\t\t\t\t<section class=\"elementor-section elementor-top-section elementor-element elementor-element-35d2e5d elementor-section-boxed elementor-section-height-default elementor-section-height-default\" data-id=\"35d2e5d\" data-element_type=\"section\">\n\t\t\t\t\t\t<div class=\"elementor-container elementor-column-gap-no\">\n\t\t\t\t\t<div class=\"elementor-column elementor-col-33 elementor-top-column elementor-element elementor-element-ebfa344\" data-id=\"ebfa344\" data-element_type=\"column\">\n\t\t\t<div class=\"elementor-widget-wrap elementor-element-populated\">\n\t\t\t\t\t\t<div class=\"elementor-element elementor-element-20ed43b elementor-invisible elementor-widget elementor-widget-text-editor\" data-id=\"20ed43b\" data-element_type=\"widget\" data-settings=\"{&quot;_animation&quot;:&quot;fadeIn&quot;,&quot;_animation_delay&quot;:200}\" data-widget_type=\"text-editor.default\">\n\t\t\t\t<div class=\"elementor-widget-container\">\n\t\t\t\t\t\t\t\t\t<p>KESTECH Makina, standartlasm\u0131s \u00fcnite ailelerinin, par\u00e7an\u0131z \u00fczerinde ihtiya\u00e7 olan proses ya da proseslere teknik a\u00e7\u0131dan yeterli gelmemesi veya uygunsuzlugu durumunda, tamamen projeye ve prosese \u00f6zel tasar\u0131ml\u0131 \u00e7\u00f6z\u00fcmler de ger\u00e7eklestirebilmektedir. Ihtiyac\u0131 halinde par\u00e7a a\u00e7\u0131lar\u0131na \u00f6zel sabit A\u00e7\u0131l\u0131 \u00fcniteler, Servo \u00c7ubuk S\u00fcr\u00fcc\u00fcler, \u00d6zel eksenlerde \u00c7oklu Delme Kafalar\u0131, Poligon Kafalar, Poliangolar Kafalar, 90 Derece Kafal\u0131 \u00fcniteler, Par\u00e7a Puntaya alma \u00fcniteleri, Pense Alma, Par\u00e7a Pozisyon Kayd\u0131rma ve D\u00f6nd\u00fcrme \u00fcniteleri vb. olmak \u00fczere tekli yada \u00e7oklu eksen interpole hareketler de yapabilen prosesler ger\u00e7eklestirilmektedir.<\/p><p>Par\u00e7a Profiline uygun 1 m\u2019den, 12 m uzunluga ve 3 mm\u2019den, 80 mm \u00e7apa kadar Dairesel, \u00c7okgen ya da Form Profillere \u00f6zel tasar\u0131m magazinli ya da Magazinsiz Boy Malzeme S\u00fcr\u00fcc\u00fcler Par\u00e7a ihtiyac\u0131na g\u00f6re 0,1 Dereceden 45 Dereceye kadar a\u00e7\u0131larda konumland\u0131r\u0131labilen \u00fcniteler \u00fcretilebilmektedir. Bu \u00fcniteler, islenecek par\u00e7an\u0131n hammadde gereksinimi olan devirler, paso miktarlar\u0131, ihtiya\u00e7 olan a\u00e7\u0131lar ve pozisyonlara \u00f6zel, tamamen butik olarak tasarlan\u0131p, \u00fcretilmektedirler.<\/p>\t\t\t\t\t\t\t\t<\/div>\n\t\t\t\t<\/div>\n\t\t\t\t\t<\/div>\n\t\t<\/div>\n\t\t\t\t<div class=\"elementor-column elementor-col-33 elementor-top-column elementor-element elementor-element-e99ce8f elementor-hidden-phone\" data-id=\"e99ce8f\" data-element_type=\"column\">\n\t\t\t<div class=\"elementor-widget-wrap\">\n\t\t\t\t\t\t\t<\/div>\n\t\t<\/div>\n\t\t\t\t<div class=\"elementor-column elementor-col-33 elementor-top-column elementor-element elementor-element-f94bfa0\" data-id=\"f94bfa0\" data-element_type=\"column\">\n\t\t\t<div class=\"elementor-widget-wrap elementor-element-populated\">\n\t\t\t\t\t\t<div class=\"elementor-element elementor-element-2bd5ac7 elementor-position-inline-start elementor-view-default elementor-mobile-position-block-start elementor-invisible elementor-widget elementor-widget-icon-box\" data-id=\"2bd5ac7\" data-element_type=\"widget\" data-settings=\"{&quot;_animation&quot;:&quot;fadeIn&quot;,&quot;_animation_delay&quot;:300}\" data-widget_type=\"icon-box.default\">\n\t\t\t\t<div class=\"elementor-widget-container\">\n\t\t\t\t\t\t\t<div class=\"elementor-icon-box-wrapper\">\n\n\t\t\t\t\t\t<div class=\"elementor-icon-box-icon\">\n\t\t\t\t<a href=\"tel:7153875006%20\" class=\"elementor-icon\" tabindex=\"-1\" aria-label=\"+90 262  654 06 54\">\n\t\t\t\t<svg aria-hidden=\"true\" class=\"e-font-icon-svg e-fas-phone\" viewbox=\"0 0 512 512\" xmlns=\"http:\/\/www.w3.org\/2000\/svg\"><path d=\"M493.4 24.6l-104-24c-11.3-2.6-22.9 3.3-27.5 13.9l-48 112c-4.2 9.8-1.4 21.3 6.9 28l60.6 49.6c-36 76.7-98.9 140.5-177.2 177.2l-49.6-60.6c-6.8-8.3-18.2-11.1-28-6.9l-112 48C3.9 366.5-2 378.1.6 389.4l24 104C27.1 504.2 36.7 512 48 512c256.1 0 464-207.5 464-464 0-11.2-7.7-20.9-18.6-23.4z\"><\/path><\/svg>\t\t\t\t<\/a>\n\t\t\t<\/div>\n\t\t\t\n\t\t\t\t\t\t<div class=\"elementor-icon-box-content\">\n\n\t\t\t\t\t\t\t\t\t<span class=\"elementor-icon-box-title\">\n\t\t\t\t\t\t<a href=\"tel:7153875006%20\" >\n\t\t\t\t\t\t\t+90 262  654 06 54\t\t\t\t\t\t<\/a>\n\t\t\t\t\t<\/span>\n\t\t\t\t\n\t\t\t\t\t\t\t\t\t<p class=\"elementor-icon-box-description\">\n\t\t\t\t\t\tPuede llamarnos para obtener m\u00e1s informaci\u00f3n y tambi\u00e9n completar el formulario de solicitud a continuaci\u00f3n para recibir una cotizaci\u00f3n.\t\t\t\t\t<\/p>\n\t\t\t\t\n\t\t\t<\/div>\n\t\t\t\n\t\t<\/div>\n\t\t\t\t\t\t<\/div>\n\t\t\t\t<\/div>\n\t\t\t\t<div class=\"elementor-element elementor-element-5241630 elementor-position-inline-start elementor-view-default elementor-mobile-position-block-start elementor-invisible elementor-widget elementor-widget-icon-box\" data-id=\"5241630\" data-element_type=\"widget\" data-settings=\"{&quot;_animation&quot;:&quot;fadeIn&quot;,&quot;_animation_delay&quot;:300}\" data-widget_type=\"icon-box.default\">\n\t\t\t\t<div class=\"elementor-widget-container\">\n\t\t\t\t\t\t\t<div class=\"elementor-icon-box-wrapper\">\n\n\t\t\t\t\t\t<div class=\"elementor-icon-box-icon\">\n\t\t\t\t<a href=\"https:\/\/wa.me\/905526540654\" class=\"elementor-icon\" tabindex=\"-1\" aria-label=\"+90 552 654 0 654\">\n\t\t\t\t<svg aria-hidden=\"true\" class=\"e-font-icon-svg e-fab-whatsapp\" viewbox=\"0 0 448 512\" xmlns=\"http:\/\/www.w3.org\/2000\/svg\"><path d=\"M380.9 97.1C339 55.1 283.2 32 223.9 32c-122.4 0-222 99.6-222 222 0 39.1 10.2 77.3 29.6 111L0 480l117.7-30.9c32.4 17.7 68.9 27 106.1 27h.1c122.3 0 224.1-99.6 224.1-222 0-59.3-25.2-115-67.1-157zm-157 341.6c-33.2 0-65.7-8.9-94-25.7l-6.7-4-69.8 18.3L72 359.2l-4.4-7c-18.5-29.4-28.2-63.3-28.2-98.2 0-101.7 82.8-184.5 184.6-184.5 49.3 0 95.6 19.2 130.4 54.1 34.8 34.9 56.2 81.2 56.1 130.5 0 101.8-84.9 184.6-186.6 184.6zm101.2-138.2c-5.5-2.8-32.8-16.2-37.9-18-5.1-1.9-8.8-2.8-12.5 2.8-3.7 5.6-14.3 18-17.6 21.8-3.2 3.7-6.5 4.2-12 1.4-32.6-16.3-54-29.1-75.5-66-5.7-9.8 5.7-9.1 16.3-30.3 1.8-3.7.9-6.9-.5-9.7-1.4-2.8-12.5-30.1-17.1-41.2-4.5-10.8-9.1-9.3-12.5-9.5-3.2-.2-6.9-.2-10.6-.2-3.7 0-9.7 1.4-14.8 6.9-5.1 5.6-19.4 19-19.4 46.3 0 27.3 19.9 53.7 22.6 57.4 2.8 3.7 39.1 59.7 94.8 83.8 35.2 15.2 49 16.5 66.6 13.9 10.7-1.6 32.8-13.4 37.4-26.4 4.6-13 4.6-24.1 3.2-26.4-1.3-2.5-5-3.9-10.5-6.6z\"><\/path><\/svg>\t\t\t\t<\/a>\n\t\t\t<\/div>\n\t\t\t\n\t\t\t\t\t\t<div class=\"elementor-icon-box-content\">\n\n\t\t\t\t\t\t\t\t\t<span class=\"elementor-icon-box-title\">\n\t\t\t\t\t\t<a href=\"https:\/\/wa.me\/905526540654\" >\n\t\t\t\t\t\t\t+90 552 654 0 654\t\t\t\t\t\t<\/a>\n\t\t\t\t\t<\/span>\n\t\t\t\t\n\t\t\t\t\t\t\t\t\t<p class=\"elementor-icon-box-description\">\n\t\t\t\t\t\tPuede llamarnos para obtener m\u00e1s informaci\u00f3n y tambi\u00e9n completar el formulario de solicitud a continuaci\u00f3n para recibir una cotizaci\u00f3n.\t\t\t\t\t<\/p>\n\t\t\t\t\n\t\t\t<\/div>\n\t\t\t\n\t\t<\/div>\n\t\t\t\t\t\t<\/div>\n\t\t\t\t<\/div>\n\t\t\t\t<div class=\"elementor-element elementor-element-ceee6e3 elementor-mobile-align-left elementor-align-left elementor-tablet-align-left elementor-invisible elementor-widget elementor-widget-button\" data-id=\"ceee6e3\" data-element_type=\"widget\" data-settings=\"{&quot;_animation&quot;:&quot;fadeIn&quot;,&quot;_animation_delay&quot;:400}\" data-widget_type=\"button.default\">\n\t\t\t\t<div class=\"elementor-widget-container\">\n\t\t\t\t\t\t\t\t\t<div class=\"elementor-button-wrapper\">\n\t\t\t\t\t<a class=\"elementor-button elementor-button-link elementor-size-sm\" href=\"https:\/\/www.kes-tech.com\/es\/teklif-formu\/\">\n\t\t\t\t\t\t<span class=\"elementor-button-content-wrapper\">\n\t\t\t\t\t\t<span class=\"elementor-button-icon\">\n\t\t\t\t<i aria-hidden=\"true\" class=\"vamtamtheme- vamtam-theme-arrow-left\"><\/i>\t\t\t<\/span>\n\t\t\t\t\t\t\t\t\t<span class=\"elementor-button-text\">Solicitud de Cotizaci\u00f3n<\/span>\n\t\t\t\t\t<\/span>\n\t\t\t\t\t<\/a>\n\t\t\t\t<\/div>\n\t\t\t\t\t\t\t\t<\/div>\n\t\t\t\t<\/div>\n\t\t\t\t\t<\/div>\n\t\t<\/div>\n\t\t\t\t\t<\/div>\n\t\t<\/section>\n\t\t<div class=\"elementor-element elementor-element-52f7524 e-flex e-con-boxed e-con e-parent\" data-id=\"52f7524\" data-element_type=\"container\">\n\t\t\t\t\t<div class=\"e-con-inner\">\n\t\t\t\t<div class=\"vamtam-has-theme-widget-styles elementor-element elementor-element-682a573 elementor-widget elementor-widget-image\" data-id=\"682a573\" data-element_type=\"widget\" data-widget_type=\"image.default\">\n\t\t\t\t<div class=\"elementor-widget-container\">\n\t\t\t\t\t\t\t\t\t<div class=\"elementor-image\">\n\t\t\t\t\t\t\t\t\t\t\t\t\t\t\t\t\t\t\t\t\t<img fetchpriority=\"high\" decoding=\"async\" width=\"1024\" height=\"520\" src=\"https:\/\/www.kes-tech.com\/wp-content\/uploads\/2025\/08\/ekran-goruntusu-2025-08-23-204102-1024x520.png\" class=\"attachment-large size-large wp-image-18639\" alt=\"\" srcset=\"https:\/\/www.kes-tech.com\/wp-content\/uploads\/2025\/08\/ekran-goruntusu-2025-08-23-204102-1024x520.png 1024w, https:\/\/www.kes-tech.com\/wp-content\/uploads\/2025\/08\/ekran-goruntusu-2025-08-23-204102-18x9.png 18w, https:\/\/www.kes-tech.com\/wp-content\/uploads\/2025\/08\/ekran-goruntusu-2025-08-23-204102-1200x609.png 1200w, https:\/\/www.kes-tech.com\/wp-content\/uploads\/2025\/08\/ekran-goruntusu-2025-08-23-204102-1576x800.png 1576w, https:\/\/www.kes-tech.com\/wp-content\/uploads\/2025\/08\/ekran-goruntusu-2025-08-23-204102-300x152.png 300w, https:\/\/www.kes-tech.com\/wp-content\/uploads\/2025\/08\/ekran-goruntusu-2025-08-23-204102-768x390.png 768w, https:\/\/www.kes-tech.com\/wp-content\/uploads\/2025\/08\/ekran-goruntusu-2025-08-23-204102-1536x780.png 1536w, https:\/\/www.kes-tech.com\/wp-content\/uploads\/2025\/08\/ekran-goruntusu-2025-08-23-204102.png 1663w\" sizes=\"(max-width: 1024px) 100vw, 1024px\" \/>\t\t\t\t\t\t\t\t\t\t\t\t\t\t\t\t\t\t\t\t\t\t\t\t<\/div>\n\t\t\t\t\t\t\t\t<\/div>\n\t\t\t\t<\/div>\n\t\t\t\t\t<\/div>\n\t\t\t\t<\/div>\n\t\t\t\t<\/div>","protected":false},"excerpt":{"rendered":"<p>T\u00fcrkiyenin 1 Numaral\u0131 Transfer Makinesi \u00dcreticisi KESTECH Makina, standartlasm\u0131s \u00fcnite ailelerinin, par\u00e7an\u0131z \u00fczerinde ihtiya\u00e7 olan proses ya da proseslere teknik a\u00e7\u0131dan yeterli gelmemesi veya uygunsuzlugu durumunda, tamamen projeye ve prosese \u00f6zel tasar\u0131ml\u0131 \u00e7\u00f6z\u00fcmler de ger\u00e7eklestirebilmektedir. Ihtiyac\u0131 halinde par\u00e7a a\u00e7\u0131lar\u0131na \u00f6zel sabit A\u00e7\u0131l\u0131 \u00fcniteler, Servo \u00c7ubuk S\u00fcr\u00fcc\u00fcler, \u00d6zel eksenlerde \u00c7oklu Delme Kafalar\u0131, Poligon Kafalar, Poliangolar Kafalar,&#8230;<\/p>","protected":false},"author":1,"featured_media":0,"parent":0,"menu_order":0,"comment_status":"closed","ping_status":"closed","template":"","meta":{"footnotes":""},"class_list":["post-17543","page","type-page","status-publish","hentry"],"yoast_head":"<!-- This site is optimized with the Yoast SEO Premium plugin v26.6 (Yoast SEO v26.8) - https:\/\/yoast.com\/product\/yoast-seo-premium-wordpress\/ -->\n<title>SPECIAL \u00dcN\u0130TE - KesTech- Transfer Makinas\u0131<\/title>\n<meta name=\"robots\" content=\"index, follow, max-snippet:-1, max-image-preview:large, max-video-preview:-1\" \/>\n<link rel=\"canonical\" href=\"https:\/\/www.kes-tech.com\/es\/ozel-uretim-unite\/\" \/>\n<meta property=\"og:locale\" content=\"es_ES\" \/>\n<meta property=\"og:type\" content=\"article\" \/>\n<meta property=\"og:title\" content=\"SPECIAL \u00dcN\u0130TE\" \/>\n<meta property=\"og:description\" content=\"T\u00fcrkiyenin 1 Numaral\u0131 Transfer Makinesi \u00dcreticisi KESTECH Makina, standartlasm\u0131s \u00fcnite ailelerinin, par\u00e7an\u0131z \u00fczerinde ihtiya\u00e7 olan proses ya da proseslere teknik a\u00e7\u0131dan yeterli gelmemesi veya uygunsuzlugu durumunda, tamamen projeye ve prosese \u00f6zel tasar\u0131ml\u0131 \u00e7\u00f6z\u00fcmler de ger\u00e7eklestirebilmektedir. Ihtiyac\u0131 halinde par\u00e7a a\u00e7\u0131lar\u0131na \u00f6zel sabit A\u00e7\u0131l\u0131 \u00fcniteler, Servo \u00c7ubuk S\u00fcr\u00fcc\u00fcler, \u00d6zel eksenlerde \u00c7oklu Delme Kafalar\u0131, Poligon Kafalar, Poliangolar Kafalar,...\" \/>\n<meta property=\"og:url\" content=\"https:\/\/www.kes-tech.com\/es\/ozel-uretim-unite\/\" \/>\n<meta property=\"og:site_name\" content=\"KesTech- Transfer Makinas\u0131\" \/>\n<meta property=\"article:publisher\" content=\"https:\/\/www.facebook.com\/Kestechmakine\/?locale=tr_TR\" \/>\n<meta property=\"article:modified_time\" content=\"2025-09-16T09:21:17+00:00\" \/>\n<meta property=\"og:image\" content=\"https:\/\/www.kes-tech.com\/wp-content\/uploads\/2025\/08\/Ekran-goruntusu-2025-08-23-204102-1024x520.png\" \/>\n<meta name=\"twitter:card\" content=\"summary_large_image\" \/>\n<meta name=\"twitter:label1\" content=\"Tiempo de lectura\" \/>\n\t<meta name=\"twitter:data1\" content=\"1 minuto\" \/>\n<script type=\"application\/ld+json\" class=\"yoast-schema-graph\">{\"@context\":\"https:\/\/schema.org\",\"@graph\":[{\"@type\":\"WebPage\",\"@id\":\"https:\/\/www.kes-tech.com\/ozel-uretim-unite\/\",\"url\":\"https:\/\/www.kes-tech.com\/ozel-uretim-unite\/\",\"name\":\"SPECIAL \u00dcN\u0130TE - KesTech- Transfer Makinas\u0131\",\"isPartOf\":{\"@id\":\"https:\/\/www.kes-tech.com\/#website\"},\"primaryImageOfPage\":{\"@id\":\"https:\/\/www.kes-tech.com\/ozel-uretim-unite\/#primaryimage\"},\"image\":{\"@id\":\"https:\/\/www.kes-tech.com\/ozel-uretim-unite\/#primaryimage\"},\"thumbnailUrl\":\"https:\/\/www.kes-tech.com\/wp-content\/uploads\/2025\/08\/ekran-goruntusu-2025-08-23-204102-1024x520.png\",\"datePublished\":\"2025-07-24T13:17:05+00:00\",\"dateModified\":\"2025-09-16T09:21:17+00:00\",\"breadcrumb\":{\"@id\":\"https:\/\/www.kes-tech.com\/ozel-uretim-unite\/#breadcrumb\"},\"inLanguage\":\"es\",\"potentialAction\":[{\"@type\":\"ReadAction\",\"target\":[\"https:\/\/www.kes-tech.com\/ozel-uretim-unite\/\"]}]},{\"@type\":\"ImageObject\",\"inLanguage\":\"es\",\"@id\":\"https:\/\/www.kes-tech.com\/ozel-uretim-unite\/#primaryimage\",\"url\":\"https:\/\/www.kes-tech.com\/wp-content\/uploads\/2025\/08\/ekran-goruntusu-2025-08-23-204102-1024x520.png\",\"contentUrl\":\"https:\/\/www.kes-tech.com\/wp-content\/uploads\/2025\/08\/ekran-goruntusu-2025-08-23-204102-1024x520.png\"},{\"@type\":\"BreadcrumbList\",\"@id\":\"https:\/\/www.kes-tech.com\/ozel-uretim-unite\/#breadcrumb\",\"itemListElement\":[{\"@type\":\"ListItem\",\"position\":1,\"name\":\"Anasayfa\",\"item\":\"https:\/\/www.kes-tech.com\/\"},{\"@type\":\"ListItem\",\"position\":2,\"name\":\"SPECIAL \u00dcN\u0130TE\"}]},{\"@type\":\"WebSite\",\"@id\":\"https:\/\/www.kes-tech.com\/#website\",\"url\":\"https:\/\/www.kes-tech.com\/\",\"name\":\"KesTech- CNC Transfer Makinas\u0131\",\"description\":\"CNC Transfer Makinesi\",\"publisher\":{\"@id\":\"https:\/\/www.kes-tech.com\/#organization\"},\"alternateName\":\"CNC Transfer Makinas\u0131, Alt\u0131 Milli Kayar Otomat\",\"potentialAction\":[{\"@type\":\"SearchAction\",\"target\":{\"@type\":\"EntryPoint\",\"urlTemplate\":\"https:\/\/www.kes-tech.com\/?s={search_term_string}\"},\"query-input\":{\"@type\":\"PropertyValueSpecification\",\"valueRequired\":true,\"valueName\":\"search_term_string\"}}],\"inLanguage\":\"es\"},{\"@type\":\"Organization\",\"@id\":\"https:\/\/www.kes-tech.com\/#organization\",\"name\":\"KesTech-CNC Transfer Makinas\u0131\",\"alternateName\":\"CNC Transfer Makinas\u0131, Alt\u0131 Milli Kayar Otomat\",\"url\":\"https:\/\/www.kes-tech.com\/\",\"logo\":{\"@type\":\"ImageObject\",\"inLanguage\":\"es\",\"@id\":\"https:\/\/www.kes-tech.com\/#\/schema\/logo\/image\/\",\"url\":\"https:\/\/www.kes-tech.com\/wp-content\/uploads\/2025\/07\/Transfer-Makinesi-004.webp\",\"contentUrl\":\"https:\/\/www.kes-tech.com\/wp-content\/uploads\/2025\/07\/Transfer-Makinesi-004.webp\",\"width\":1024,\"height\":576,\"caption\":\"KesTech-CNC Transfer Makinas\u0131\"},\"image\":{\"@id\":\"https:\/\/www.kes-tech.com\/#\/schema\/logo\/image\/\"},\"sameAs\":[\"https:\/\/www.facebook.com\/Kestechmakine\/?locale=tr_TR\",\"https:\/\/www.linkedin.com\/company\/kestech\/\",\"https:\/\/www.instagram.com\/rotary.transfer\/\",\"https:\/\/www.youtube.com\/@kestechrotarytransfermachi90\"]}]}<\/script>\n<!-- \/ Yoast SEO Premium plugin. -->","yoast_head_json":{"title":"SPECIAL \u00dcN\u0130TE - KesTech- Transfer Makinas\u0131","robots":{"index":"index","follow":"follow","max-snippet":"max-snippet:-1","max-image-preview":"max-image-preview:large","max-video-preview":"max-video-preview:-1"},"canonical":"https:\/\/www.kes-tech.com\/es\/ozel-uretim-unite\/","og_locale":"es_ES","og_type":"article","og_title":"SPECIAL \u00dcN\u0130TE","og_description":"T\u00fcrkiyenin 1 Numaral\u0131 Transfer Makinesi \u00dcreticisi KESTECH Makina, standartlasm\u0131s \u00fcnite ailelerinin, par\u00e7an\u0131z \u00fczerinde ihtiya\u00e7 olan proses ya da proseslere teknik a\u00e7\u0131dan yeterli gelmemesi veya uygunsuzlugu durumunda, tamamen projeye ve prosese \u00f6zel tasar\u0131ml\u0131 \u00e7\u00f6z\u00fcmler de ger\u00e7eklestirebilmektedir. Ihtiyac\u0131 halinde par\u00e7a a\u00e7\u0131lar\u0131na \u00f6zel sabit A\u00e7\u0131l\u0131 \u00fcniteler, Servo \u00c7ubuk S\u00fcr\u00fcc\u00fcler, \u00d6zel eksenlerde \u00c7oklu Delme Kafalar\u0131, Poligon Kafalar, Poliangolar Kafalar,...","og_url":"https:\/\/www.kes-tech.com\/es\/ozel-uretim-unite\/","og_site_name":"KesTech- Transfer Makinas\u0131","article_publisher":"https:\/\/www.facebook.com\/Kestechmakine\/?locale=tr_TR","article_modified_time":"2025-09-16T09:21:17+00:00","og_image":[{"url":"https:\/\/www.kes-tech.com\/wp-content\/uploads\/2025\/08\/Ekran-goruntusu-2025-08-23-204102-1024x520.png","type":"","width":"","height":""}],"twitter_card":"summary_large_image","twitter_misc":{"Tiempo de lectura":"1 minuto"},"schema":{"@context":"https:\/\/schema.org","@graph":[{"@type":"WebPage","@id":"https:\/\/www.kes-tech.com\/ozel-uretim-unite\/","url":"https:\/\/www.kes-tech.com\/ozel-uretim-unite\/","name":"SPECIAL \u00dcN\u0130TE - KesTech- Transfer Makinas\u0131","isPartOf":{"@id":"https:\/\/www.kes-tech.com\/#website"},"primaryImageOfPage":{"@id":"https:\/\/www.kes-tech.com\/ozel-uretim-unite\/#primaryimage"},"image":{"@id":"https:\/\/www.kes-tech.com\/ozel-uretim-unite\/#primaryimage"},"thumbnailUrl":"https:\/\/www.kes-tech.com\/wp-content\/uploads\/2025\/08\/ekran-goruntusu-2025-08-23-204102-1024x520.png","datePublished":"2025-07-24T13:17:05+00:00","dateModified":"2025-09-16T09:21:17+00:00","breadcrumb":{"@id":"https:\/\/www.kes-tech.com\/ozel-uretim-unite\/#breadcrumb"},"inLanguage":"es","potentialAction":[{"@type":"ReadAction","target":["https:\/\/www.kes-tech.com\/ozel-uretim-unite\/"]}]},{"@type":"ImageObject","inLanguage":"es","@id":"https:\/\/www.kes-tech.com\/ozel-uretim-unite\/#primaryimage","url":"https:\/\/www.kes-tech.com\/wp-content\/uploads\/2025\/08\/ekran-goruntusu-2025-08-23-204102-1024x520.png","contentUrl":"https:\/\/www.kes-tech.com\/wp-content\/uploads\/2025\/08\/ekran-goruntusu-2025-08-23-204102-1024x520.png"},{"@type":"BreadcrumbList","@id":"https:\/\/www.kes-tech.com\/ozel-uretim-unite\/#breadcrumb","itemListElement":[{"@type":"ListItem","position":1,"name":"Anasayfa","item":"https:\/\/www.kes-tech.com\/"},{"@type":"ListItem","position":2,"name":"SPECIAL \u00dcN\u0130TE"}]},{"@type":"WebSite","@id":"https:\/\/www.kes-tech.com\/#website","url":"https:\/\/www.kes-tech.com\/","name":"KesTech- CNC Transfer Makinas\u0131","description":"CNC Transfer Makinesi","publisher":{"@id":"https:\/\/www.kes-tech.com\/#organization"},"alternateName":"CNC Transfer Makinas\u0131, Alt\u0131 Milli Kayar Otomat","potentialAction":[{"@type":"SearchAction","target":{"@type":"EntryPoint","urlTemplate":"https:\/\/www.kes-tech.com\/?s={search_term_string}"},"query-input":{"@type":"PropertyValueSpecification","valueRequired":true,"valueName":"search_term_string"}}],"inLanguage":"es"},{"@type":"Organization","@id":"https:\/\/www.kes-tech.com\/#organization","name":"KesTech-CNC Transfer Makinas\u0131","alternateName":"CNC Transfer Makinas\u0131, Alt\u0131 Milli Kayar Otomat","url":"https:\/\/www.kes-tech.com\/","logo":{"@type":"ImageObject","inLanguage":"es","@id":"https:\/\/www.kes-tech.com\/#\/schema\/logo\/image\/","url":"https:\/\/www.kes-tech.com\/wp-content\/uploads\/2025\/07\/Transfer-Makinesi-004.webp","contentUrl":"https:\/\/www.kes-tech.com\/wp-content\/uploads\/2025\/07\/Transfer-Makinesi-004.webp","width":1024,"height":576,"caption":"KesTech-CNC Transfer Makinas\u0131"},"image":{"@id":"https:\/\/www.kes-tech.com\/#\/schema\/logo\/image\/"},"sameAs":["https:\/\/www.facebook.com\/Kestechmakine\/?locale=tr_TR","https:\/\/www.linkedin.com\/company\/kestech\/","https:\/\/www.instagram.com\/rotary.transfer\/","https:\/\/www.youtube.com\/@kestechrotarytransfermachi90"]}]}},"_links":{"self":[{"href":"https:\/\/www.kes-tech.com\/es\/wp-json\/wp\/v2\/pages\/17543","targetHints":{"allow":["GET"]}}],"collection":[{"href":"https:\/\/www.kes-tech.com\/es\/wp-json\/wp\/v2\/pages"}],"about":[{"href":"https:\/\/www.kes-tech.com\/es\/wp-json\/wp\/v2\/types\/page"}],"author":[{"embeddable":true,"href":"https:\/\/www.kes-tech.com\/es\/wp-json\/wp\/v2\/users\/1"}],"replies":[{"embeddable":true,"href":"https:\/\/www.kes-tech.com\/es\/wp-json\/wp\/v2\/comments?post=17543"}],"version-history":[{"count":35,"href":"https:\/\/www.kes-tech.com\/es\/wp-json\/wp\/v2\/pages\/17543\/revisions"}],"predecessor-version":[{"id":20572,"href":"https:\/\/www.kes-tech.com\/es\/wp-json\/wp\/v2\/pages\/17543\/revisions\/20572"}],"wp:attachment":[{"href":"https:\/\/www.kes-tech.com\/es\/wp-json\/wp\/v2\/media?parent=17543"}],"curies":[{"name":"wp","href":"https:\/\/api.w.org\/{rel}","templated":true}]}}