{"id":17830,"date":"2025-08-03T14:47:57","date_gmt":"2025-08-03T11:47:57","guid":{"rendered":"https:\/\/www.kes-tech.com\/?page_id=17830"},"modified":"2025-09-16T17:47:31","modified_gmt":"2025-09-16T14:47:31","slug":"referanslar","status":"publish","type":"page","link":"https:\/\/www.kes-tech.com\/es\/referanslar\/","title":{"rendered":"REFERENCIAS"},"content":{"rendered":"<div data-elementor-type=\"wp-page\" data-elementor-id=\"17830\" class=\"elementor elementor-17830\" data-elementor-post-type=\"page\">\n\t\t\t\t\t\t<section class=\"elementor-section elementor-top-section elementor-element elementor-element-6f3cb6aa elementor-section-height-min-height elementor-section-items-bottom elementor-section-content-bottom elementor-section-boxed elementor-section-height-default\" data-id=\"6f3cb6aa\" data-element_type=\"section\">\n\t\t\t\t\t\t<div class=\"elementor-container elementor-column-gap-no\">\n\t\t\t\t\t<div class=\"elementor-column elementor-col-100 elementor-top-column elementor-element elementor-element-4ab2ded\" data-id=\"4ab2ded\" data-element_type=\"column\" data-settings=\"{&quot;background_background&quot;:&quot;classic&quot;}\">\n\t\t\t<div class=\"elementor-widget-wrap elementor-element-populated\">\n\t\t\t\t\t\t\t<\/div>\n\t\t<\/div>\n\t\t\t\t\t<\/div>\n\t\t<\/section>\n\t\t<div class=\"elementor-element elementor-element-34c4c44 e-flex e-con-boxed e-con e-parent\" data-id=\"34c4c44\" data-element_type=\"container\">\n\t\t\t\t\t<div class=\"e-con-inner\">\n\t\t\t\t<div class=\"elementor-element elementor-element-339d952 e-n-tabs-mobile elementor-widget elementor-widget-n-tabs\" data-id=\"339d952\" data-element_type=\"widget\" data-settings=\"{&quot;horizontal_scroll&quot;:&quot;disable&quot;}\" data-widget_type=\"nested-tabs.default\">\n\t\t\t\t<div class=\"elementor-widget-container\">\n\t\t\t\t\t\t\t<div class=\"e-n-tabs\" data-widget-number=\"54122834\" aria-label=\"Pesta\u00f1as. Abre elementos con Intro o Espacio, ci\u00e9rralos con Escape y navega con las fechas.\">\n\t\t\t<div class=\"e-n-tabs-heading\" role=\"tablist\">\n\t\t\t\t\t<button id=\"e-n-tab-title-541228341\" data-tab-title-id=\"e-n-tab-title-541228341\" class=\"e-n-tab-title\" aria-selected=\"true\" data-tab-index=\"1\" role=\"tab\" tabindex=\"0\" aria-controls=\"e-n-tab-content-541228341\" style=\"--n-tabs-title-order: 1;\">\n\t\t\t\t\t\t<span class=\"e-n-tab-title-text\">\n\t\t\t\tREFERENCIAS\t\t\t<\/span>\n\t\t<\/button>\n\t\t\t\t<button id=\"e-n-tab-title-541228342\" data-tab-title-id=\"e-n-tab-title-541228342\" class=\"e-n-tab-title\" aria-selected=\"false\" data-tab-index=\"2\" role=\"tab\" tabindex=\"-1\" aria-controls=\"e-n-tab-content-541228342\" style=\"--n-tabs-title-order: 2;\">\n\t\t\t\t\t\t<span class=\"e-n-tab-title-text\">\n\t\t\t\tNUESTROS SOCIOS ESTRAT\u00c9GICOS\t\t\t<\/span>\n\t\t<\/button>\n\t\t\t\t<button id=\"e-n-tab-title-541228343\" data-tab-title-id=\"e-n-tab-title-541228343\" class=\"e-n-tab-title\" aria-selected=\"false\" data-tab-index=\"3\" role=\"tab\" tabindex=\"-1\" aria-controls=\"e-n-tab-content-541228343\" style=\"--n-tabs-title-order: 3;\">\n\t\t\t\t\t\t<span class=\"e-n-tab-title-text\">\n\t\t\t\tOther Transfer Machine Manufacturers\t\t\t<\/span>\n\t\t<\/button>\n\t\t\t\t\t<\/div>\n\t\t\t<div class=\"e-n-tabs-content\">\n\t\t\t\t<div id=\"e-n-tab-content-541228341\" role=\"tabpanel\" aria-labelledby=\"e-n-tab-title-541228341\" data-tab-index=\"1\" style=\"--n-tabs-title-order: 1;\" class=\"e-active elementor-element elementor-element-a43ece5 e-con-full e-flex e-con e-child\" data-id=\"a43ece5\" data-element_type=\"container\">\n\t\t<div class=\"elementor-element elementor-element-b13bd1b e-con-full e-flex e-con e-child\" data-id=\"b13bd1b\" data-element_type=\"container\">\n\t\t\t\t<div class=\"vamtam-has-theme-widget-styles elementor-element elementor-element-d692562 elementor-widget elementor-widget-image\" data-id=\"d692562\" data-element_type=\"widget\" data-widget_type=\"image.default\">\n\t\t\t\t<div class=\"elementor-widget-container\">\n\t\t\t\t\t\t\t\t\t<div class=\"elementor-image\">\n\t\t\t\t\t\t\t\t\t\t\t\t\t\t\t\t\t\t\t\t\t<img fetchpriority=\"high\" decoding=\"async\" width=\"1214\" height=\"518\" src=\"https:\/\/www.kes-tech.com\/wp-content\/uploads\/2025\/09\/referanslarimiz-e1652216529120.jpg\" class=\"attachment-full size-full wp-image-19750\" alt=\"\" srcset=\"https:\/\/www.kes-tech.com\/wp-content\/uploads\/2025\/09\/referanslarimiz-e1652216529120.jpg 1214w, https:\/\/www.kes-tech.com\/wp-content\/uploads\/2025\/09\/referanslarimiz-e1652216529120-300x128.jpg 300w, https:\/\/www.kes-tech.com\/wp-content\/uploads\/2025\/09\/referanslarimiz-e1652216529120-1024x437.jpg 1024w, https:\/\/www.kes-tech.com\/wp-content\/uploads\/2025\/09\/referanslarimiz-e1652216529120-768x328.jpg 768w, https:\/\/www.kes-tech.com\/wp-content\/uploads\/2025\/09\/referanslarimiz-e1652216529120-18x8.jpg 18w, https:\/\/www.kes-tech.com\/wp-content\/uploads\/2025\/09\/referanslarimiz-e1652216529120-1200x512.jpg 1200w\" sizes=\"(max-width: 1214px) 100vw, 1214px\" \/>\t\t\t\t\t\t\t\t\t\t\t\t\t\t\t\t\t\t\t\t\t\t\t\t<\/div>\n\t\t\t\t\t\t\t\t<\/div>\n\t\t\t\t<\/div>\n\t\t\t\t<\/div>\n\t\t\t\t<\/div>\n\t\t<div id=\"e-n-tab-content-541228342\" role=\"tabpanel\" aria-labelledby=\"e-n-tab-title-541228342\" data-tab-index=\"2\" style=\"--n-tabs-title-order: 2;\" class=\"elementor-element elementor-element-d75dbe0 e-con-full e-flex e-con e-child\" data-id=\"d75dbe0\" data-element_type=\"container\">\n\t\t<div class=\"elementor-element elementor-element-5fad92a e-flex e-con-boxed e-con e-child\" data-id=\"5fad92a\" data-element_type=\"container\">\n\t\t\t\t\t<div class=\"e-con-inner\">\n\t\t\t\t<div class=\"vamtam-has-theme-widget-styles elementor-element elementor-element-39bf1b6 elementor-widget elementor-widget-image\" data-id=\"39bf1b6\" data-element_type=\"widget\" data-widget_type=\"image.default\">\n\t\t\t\t<div class=\"elementor-widget-container\">\n\t\t\t\t\t\t\t\t\t<div class=\"elementor-image\">\n\t\t\t\t\t\t\t\t\t\t\t\t\t\t\t\t\t\t\t\t\t<img decoding=\"async\" width=\"1225\" height=\"434\" src=\"https:\/\/www.kes-tech.com\/wp-content\/uploads\/2025\/08\/cozum-ortaklarimiz-e1652211686239.webp\" class=\"attachment-full size-full wp-image-17834\" alt=\"\" srcset=\"https:\/\/www.kes-tech.com\/wp-content\/uploads\/2025\/08\/cozum-ortaklarimiz-e1652211686239.webp 1225w, https:\/\/www.kes-tech.com\/wp-content\/uploads\/2025\/08\/cozum-ortaklarimiz-e1652211686239-18x6.webp 18w, https:\/\/www.kes-tech.com\/wp-content\/uploads\/2025\/08\/cozum-ortaklarimiz-e1652211686239-1200x425.webp 1200w, https:\/\/www.kes-tech.com\/wp-content\/uploads\/2025\/08\/cozum-ortaklarimiz-e1652211686239-300x106.webp 300w, https:\/\/www.kes-tech.com\/wp-content\/uploads\/2025\/08\/cozum-ortaklarimiz-e1652211686239-768x272.webp 768w, https:\/\/www.kes-tech.com\/wp-content\/uploads\/2025\/08\/cozum-ortaklarimiz-e1652211686239-1024x363.webp 1024w\" sizes=\"(max-width: 1225px) 100vw, 1225px\" \/>\t\t\t\t\t\t\t\t\t\t\t\t\t\t\t\t\t\t\t\t\t\t\t\t<\/div>\n\t\t\t\t\t\t\t\t<\/div>\n\t\t\t\t<\/div>\n\t\t\t\t\t<\/div>\n\t\t\t\t<\/div>\n\t\t\t\t<\/div>\n\t\t<div id=\"e-n-tab-content-541228343\" role=\"tabpanel\" aria-labelledby=\"e-n-tab-title-541228343\" data-tab-index=\"3\" style=\"--n-tabs-title-order: 3;\" class=\"elementor-element elementor-element-10905d1 e-con-full e-flex e-con e-child\" data-id=\"10905d1\" data-element_type=\"container\">\n\t\t<div class=\"elementor-element elementor-element-3849018 e-flex e-con-boxed e-con e-child\" data-id=\"3849018\" data-element_type=\"container\">\n\t\t\t\t\t<div class=\"e-con-inner\">\n\t\t\t\t<div class=\"vamtam-has-theme-widget-styles elementor-element elementor-element-e410219 elementor-widget elementor-widget-image\" data-id=\"e410219\" data-element_type=\"widget\" data-widget_type=\"image.default\">\n\t\t\t\t<div class=\"elementor-widget-container\">\n\t\t\t\t\t\t\t\t\t<div class=\"elementor-image\">\n\t\t\t\t\t\t\t\t\t\t\t\t\t\t\t\t\t\t\t\t\t<img decoding=\"async\" width=\"1224\" height=\"214\" src=\"https:\/\/www.kes-tech.com\/wp-content\/uploads\/2025\/09\/diger-transfer.webp\" class=\"attachment-full size-full wp-image-20573\" alt=\"\" srcset=\"https:\/\/www.kes-tech.com\/wp-content\/uploads\/2025\/09\/diger-transfer.webp 1224w, https:\/\/www.kes-tech.com\/wp-content\/uploads\/2025\/09\/diger-transfer-300x52.webp 300w, https:\/\/www.kes-tech.com\/wp-content\/uploads\/2025\/09\/diger-transfer-1024x179.webp 1024w, https:\/\/www.kes-tech.com\/wp-content\/uploads\/2025\/09\/diger-transfer-768x134.webp 768w, https:\/\/www.kes-tech.com\/wp-content\/uploads\/2025\/09\/diger-transfer-18x3.webp 18w, https:\/\/www.kes-tech.com\/wp-content\/uploads\/2025\/09\/diger-transfer-1200x210.webp 1200w\" sizes=\"(max-width: 1224px) 100vw, 1224px\" \/>\t\t\t\t\t\t\t\t\t\t\t\t\t\t\t\t\t\t\t\t\t\t\t\t<\/div>\n\t\t\t\t\t\t\t\t<\/div>\n\t\t\t\t<\/div>\n\t\t\t\t\t<\/div>\n\t\t\t\t<\/div>\n\t\t\t\t<\/div>\n\t\t\t\t\t<\/div>\n\t\t<\/div>\n\t\t\t\t\t\t<\/div>\n\t\t\t\t<\/div>\n\t\t\t\t\t<\/div>\n\t\t\t\t<\/div>\n\t\t\t\t<\/div>","protected":false},"excerpt":{"rendered":"<p>REFERANSLARIMIZ \u00c7\u00d6Z\u00dcM ORTAKLARIMIZ Other Transfer Machine Manufacturers<\/p>","protected":false},"author":1,"featured_media":0,"parent":0,"menu_order":0,"comment_status":"closed","ping_status":"closed","template":"","meta":{"footnotes":""},"class_list":["post-17830","page","type-page","status-publish","hentry"],"yoast_head":"<!-- This site is optimized with the Yoast SEO Premium plugin v26.6 (Yoast SEO v26.8) - https:\/\/yoast.com\/product\/yoast-seo-premium-wordpress\/ -->\n<title>Referanslar - KesTech- Transfer Makinas\u0131<\/title>\n<meta name=\"robots\" content=\"index, follow, max-snippet:-1, max-image-preview:large, max-video-preview:-1\" \/>\n<link rel=\"canonical\" href=\"https:\/\/www.kes-tech.com\/es\/referanslar\/\" \/>\n<meta property=\"og:locale\" content=\"es_ES\" \/>\n<meta property=\"og:type\" content=\"article\" \/>\n<meta property=\"og:title\" content=\"Referanslar\" \/>\n<meta property=\"og:description\" content=\"REFERANSLARIMIZ \u00c7\u00d6Z\u00dcM ORTAKLARIMIZ Other Transfer Machine Manufacturers\" \/>\n<meta property=\"og:url\" content=\"https:\/\/www.kes-tech.com\/es\/referanslar\/\" \/>\n<meta property=\"og:site_name\" content=\"KesTech- Transfer Makinas\u0131\" \/>\n<meta property=\"article:publisher\" content=\"https:\/\/www.facebook.com\/Kestechmakine\/?locale=tr_TR\" \/>\n<meta property=\"article:modified_time\" content=\"2025-09-16T14:47:31+00:00\" \/>\n<meta property=\"og:image\" content=\"https:\/\/www.kes-tech.com\/wp-content\/uploads\/2025\/09\/referanslarimiz-e1652216529120.jpg\" \/>\n<meta name=\"twitter:card\" content=\"summary_large_image\" \/>\n<script type=\"application\/ld+json\" class=\"yoast-schema-graph\">{\"@context\":\"https:\/\/schema.org\",\"@graph\":[{\"@type\":\"WebPage\",\"@id\":\"https:\/\/www.kes-tech.com\/referanslar\/\",\"url\":\"https:\/\/www.kes-tech.com\/referanslar\/\",\"name\":\"Referanslar - KesTech- Transfer Makinas\u0131\",\"isPartOf\":{\"@id\":\"https:\/\/www.kes-tech.com\/#website\"},\"primaryImageOfPage\":{\"@id\":\"https:\/\/www.kes-tech.com\/referanslar\/#primaryimage\"},\"image\":{\"@id\":\"https:\/\/www.kes-tech.com\/referanslar\/#primaryimage\"},\"thumbnailUrl\":\"https:\/\/www.kes-tech.com\/wp-content\/uploads\/2025\/09\/referanslarimiz-e1652216529120.jpg\",\"datePublished\":\"2025-08-03T11:47:57+00:00\",\"dateModified\":\"2025-09-16T14:47:31+00:00\",\"breadcrumb\":{\"@id\":\"https:\/\/www.kes-tech.com\/referanslar\/#breadcrumb\"},\"inLanguage\":\"es\",\"potentialAction\":[{\"@type\":\"ReadAction\",\"target\":[\"https:\/\/www.kes-tech.com\/referanslar\/\"]}]},{\"@type\":\"ImageObject\",\"inLanguage\":\"es\",\"@id\":\"https:\/\/www.kes-tech.com\/referanslar\/#primaryimage\",\"url\":\"https:\/\/www.kes-tech.com\/wp-content\/uploads\/2025\/09\/referanslarimiz-e1652216529120.jpg\",\"contentUrl\":\"https:\/\/www.kes-tech.com\/wp-content\/uploads\/2025\/09\/referanslarimiz-e1652216529120.jpg\"},{\"@type\":\"BreadcrumbList\",\"@id\":\"https:\/\/www.kes-tech.com\/referanslar\/#breadcrumb\",\"itemListElement\":[{\"@type\":\"ListItem\",\"position\":1,\"name\":\"Anasayfa\",\"item\":\"https:\/\/www.kes-tech.com\/\"},{\"@type\":\"ListItem\",\"position\":2,\"name\":\"Referanslar\"}]},{\"@type\":\"WebSite\",\"@id\":\"https:\/\/www.kes-tech.com\/#website\",\"url\":\"https:\/\/www.kes-tech.com\/\",\"name\":\"KesTech- CNC Transfer Makinas\u0131\",\"description\":\"CNC Transfer Makinesi\",\"publisher\":{\"@id\":\"https:\/\/www.kes-tech.com\/#organization\"},\"alternateName\":\"CNC Transfer Makinas\u0131, Alt\u0131 Milli Kayar Otomat\",\"potentialAction\":[{\"@type\":\"SearchAction\",\"target\":{\"@type\":\"EntryPoint\",\"urlTemplate\":\"https:\/\/www.kes-tech.com\/?s={search_term_string}\"},\"query-input\":{\"@type\":\"PropertyValueSpecification\",\"valueRequired\":true,\"valueName\":\"search_term_string\"}}],\"inLanguage\":\"es\"},{\"@type\":\"Organization\",\"@id\":\"https:\/\/www.kes-tech.com\/#organization\",\"name\":\"KesTech-CNC Transfer Makinas\u0131\",\"alternateName\":\"CNC Transfer Makinas\u0131, Alt\u0131 Milli Kayar Otomat\",\"url\":\"https:\/\/www.kes-tech.com\/\",\"logo\":{\"@type\":\"ImageObject\",\"inLanguage\":\"es\",\"@id\":\"https:\/\/www.kes-tech.com\/#\/schema\/logo\/image\/\",\"url\":\"https:\/\/www.kes-tech.com\/wp-content\/uploads\/2025\/07\/Transfer-Makinesi-004.webp\",\"contentUrl\":\"https:\/\/www.kes-tech.com\/wp-content\/uploads\/2025\/07\/Transfer-Makinesi-004.webp\",\"width\":1024,\"height\":576,\"caption\":\"KesTech-CNC Transfer Makinas\u0131\"},\"image\":{\"@id\":\"https:\/\/www.kes-tech.com\/#\/schema\/logo\/image\/\"},\"sameAs\":[\"https:\/\/www.facebook.com\/Kestechmakine\/?locale=tr_TR\",\"https:\/\/www.linkedin.com\/company\/kestech\/\",\"https:\/\/www.instagram.com\/rotary.transfer\/\",\"https:\/\/www.youtube.com\/@kestechrotarytransfermachi90\"]}]}<\/script>\n<!-- \/ Yoast SEO Premium plugin. -->","yoast_head_json":{"title":"Referanslar - KesTech- Transfer Makinas\u0131","robots":{"index":"index","follow":"follow","max-snippet":"max-snippet:-1","max-image-preview":"max-image-preview:large","max-video-preview":"max-video-preview:-1"},"canonical":"https:\/\/www.kes-tech.com\/es\/referanslar\/","og_locale":"es_ES","og_type":"article","og_title":"Referanslar","og_description":"REFERANSLARIMIZ \u00c7\u00d6Z\u00dcM ORTAKLARIMIZ Other Transfer Machine Manufacturers","og_url":"https:\/\/www.kes-tech.com\/es\/referanslar\/","og_site_name":"KesTech- Transfer Makinas\u0131","article_publisher":"https:\/\/www.facebook.com\/Kestechmakine\/?locale=tr_TR","article_modified_time":"2025-09-16T14:47:31+00:00","og_image":[{"url":"https:\/\/www.kes-tech.com\/wp-content\/uploads\/2025\/09\/referanslarimiz-e1652216529120.jpg","type":"","width":"","height":""}],"twitter_card":"summary_large_image","schema":{"@context":"https:\/\/schema.org","@graph":[{"@type":"WebPage","@id":"https:\/\/www.kes-tech.com\/referanslar\/","url":"https:\/\/www.kes-tech.com\/referanslar\/","name":"Referanslar - KesTech- Transfer Makinas\u0131","isPartOf":{"@id":"https:\/\/www.kes-tech.com\/#website"},"primaryImageOfPage":{"@id":"https:\/\/www.kes-tech.com\/referanslar\/#primaryimage"},"image":{"@id":"https:\/\/www.kes-tech.com\/referanslar\/#primaryimage"},"thumbnailUrl":"https:\/\/www.kes-tech.com\/wp-content\/uploads\/2025\/09\/referanslarimiz-e1652216529120.jpg","datePublished":"2025-08-03T11:47:57+00:00","dateModified":"2025-09-16T14:47:31+00:00","breadcrumb":{"@id":"https:\/\/www.kes-tech.com\/referanslar\/#breadcrumb"},"inLanguage":"es","potentialAction":[{"@type":"ReadAction","target":["https:\/\/www.kes-tech.com\/referanslar\/"]}]},{"@type":"ImageObject","inLanguage":"es","@id":"https:\/\/www.kes-tech.com\/referanslar\/#primaryimage","url":"https:\/\/www.kes-tech.com\/wp-content\/uploads\/2025\/09\/referanslarimiz-e1652216529120.jpg","contentUrl":"https:\/\/www.kes-tech.com\/wp-content\/uploads\/2025\/09\/referanslarimiz-e1652216529120.jpg"},{"@type":"BreadcrumbList","@id":"https:\/\/www.kes-tech.com\/referanslar\/#breadcrumb","itemListElement":[{"@type":"ListItem","position":1,"name":"Anasayfa","item":"https:\/\/www.kes-tech.com\/"},{"@type":"ListItem","position":2,"name":"Referanslar"}]},{"@type":"WebSite","@id":"https:\/\/www.kes-tech.com\/#website","url":"https:\/\/www.kes-tech.com\/","name":"KesTech- CNC Transfer Makinas\u0131","description":"CNC Transfer Makinesi","publisher":{"@id":"https:\/\/www.kes-tech.com\/#organization"},"alternateName":"CNC Transfer Makinas\u0131, Alt\u0131 Milli Kayar Otomat","potentialAction":[{"@type":"SearchAction","target":{"@type":"EntryPoint","urlTemplate":"https:\/\/www.kes-tech.com\/?s={search_term_string}"},"query-input":{"@type":"PropertyValueSpecification","valueRequired":true,"valueName":"search_term_string"}}],"inLanguage":"es"},{"@type":"Organization","@id":"https:\/\/www.kes-tech.com\/#organization","name":"KesTech-CNC Transfer Makinas\u0131","alternateName":"CNC Transfer Makinas\u0131, Alt\u0131 Milli Kayar Otomat","url":"https:\/\/www.kes-tech.com\/","logo":{"@type":"ImageObject","inLanguage":"es","@id":"https:\/\/www.kes-tech.com\/#\/schema\/logo\/image\/","url":"https:\/\/www.kes-tech.com\/wp-content\/uploads\/2025\/07\/Transfer-Makinesi-004.webp","contentUrl":"https:\/\/www.kes-tech.com\/wp-content\/uploads\/2025\/07\/Transfer-Makinesi-004.webp","width":1024,"height":576,"caption":"KesTech-CNC Transfer Makinas\u0131"},"image":{"@id":"https:\/\/www.kes-tech.com\/#\/schema\/logo\/image\/"},"sameAs":["https:\/\/www.facebook.com\/Kestechmakine\/?locale=tr_TR","https:\/\/www.linkedin.com\/company\/kestech\/","https:\/\/www.instagram.com\/rotary.transfer\/","https:\/\/www.youtube.com\/@kestechrotarytransfermachi90"]}]}},"_links":{"self":[{"href":"https:\/\/www.kes-tech.com\/es\/wp-json\/wp\/v2\/pages\/17830","targetHints":{"allow":["GET"]}}],"collection":[{"href":"https:\/\/www.kes-tech.com\/es\/wp-json\/wp\/v2\/pages"}],"about":[{"href":"https:\/\/www.kes-tech.com\/es\/wp-json\/wp\/v2\/types\/page"}],"author":[{"embeddable":true,"href":"https:\/\/www.kes-tech.com\/es\/wp-json\/wp\/v2\/users\/1"}],"replies":[{"embeddable":true,"href":"https:\/\/www.kes-tech.com\/es\/wp-json\/wp\/v2\/comments?post=17830"}],"version-history":[{"count":58,"href":"https:\/\/www.kes-tech.com\/es\/wp-json\/wp\/v2\/pages\/17830\/revisions"}],"predecessor-version":[{"id":20576,"href":"https:\/\/www.kes-tech.com\/es\/wp-json\/wp\/v2\/pages\/17830\/revisions\/20576"}],"wp:attachment":[{"href":"https:\/\/www.kes-tech.com\/es\/wp-json\/wp\/v2\/media?parent=17830"}],"curies":[{"name":"wp","href":"https:\/\/api.w.org\/{rel}","templated":true}]}}