{"id":4172,"date":"2021-04-06T12:47:18","date_gmt":"2021-04-06T12:47:18","guid":{"rendered":"https:\/\/macchina.vamtam.com\/?page_id=4172"},"modified":"2025-08-06T00:21:56","modified_gmt":"2025-08-05T21:21:56","slug":"yasal-yukumlulukler","status":"publish","type":"page","link":"https:\/\/www.kes-tech.com\/es\/yasal-yukumlulukler\/","title":{"rendered":"Yasal Y\u00fck\u00fcml\u00fcl\u00fckler"},"content":{"rendered":"<div data-elementor-type=\"wp-page\" data-elementor-id=\"4172\" class=\"elementor elementor-4172\" data-elementor-post-type=\"page\">\n\t\t\t\t<div class=\"elementor-element elementor-element-bcdcf3b e-flex e-con-boxed e-con e-parent\" data-id=\"bcdcf3b\" data-element_type=\"container\">\n\t\t\t\t\t<div class=\"e-con-inner\">\n\t\t\t\t<div class=\"elementor-element elementor-element-03ab38a elementor-widget elementor-widget-heading\" data-id=\"03ab38a\" data-element_type=\"widget\" data-widget_type=\"heading.default\">\n\t\t\t\t<div class=\"elementor-widget-container\">\n\t\t\t\t\t<h2 class=\"elementor-heading-title elementor-size-default\">YASAL Y\u00dcK\u00dcML\u00dcL\u00dcKLER<\/h2>\t\t\t\t<\/div>\n\t\t\t\t<\/div>\n\t\t\t\t\t<\/div>\n\t\t\t\t<\/div>\n\t\t<div class=\"elementor-element elementor-element-a6d3e75 e-flex e-con-boxed e-con e-parent\" data-id=\"a6d3e75\" data-element_type=\"container\">\n\t\t\t\t\t<div class=\"e-con-inner\">\n\t\t\t\t<div class=\"elementor-element elementor-element-2da767f elementor-widget elementor-widget-text-editor\" data-id=\"2da767f\" data-element_type=\"widget\" data-widget_type=\"text-editor.default\">\n\t\t\t\t<div class=\"elementor-widget-container\">\n\t\t\t\t\t\t\t\t\t<p>Bu g\u00f6nderi ve eklerinde yer alan bilgiler, t\u00fczel ve \u00f6zel ki\u015filer aras\u0131nda \u00f6zel hukuk h\u00fck\u00fcmlerine tabi olup, hi\u00e7bir surette \u00fc\u00e7\u00fcnc\u00fc taraflarla payla\u015f\u0131lmamal\u0131d\u0131r. Bu y\u00fck\u00fcml\u00fcl\u00fck yaln\u0131zca taraflar aras\u0131ndaki g\u00fcven ilkesine de\u011fil, ayn\u0131 zamanda 1966 tarihli \u0130ktisadi, Sosyal ve K\u00fclt\u00fcrel Haklar Uluslararas\u0131 S\u00f6zle\u015fmesi (ICESCR) \u00e7er\u00e7evesinde tan\u0131nan veri gizlili\u011fi ilkelerine dayanmaktad\u0131r.<\/p><p>Ayr\u0131ca bu gizlilik y\u00fck\u00fcml\u00fcl\u00fc\u011f\u00fc, 1969 tarihli Viyana Antla\u015fmalar Hukuku S\u00f6zle\u015fmesi&#8217;nin 26. maddesinde yer alan ahde vefa (pacta sunt servanda) ilkesi ile de g\u00fc\u00e7lendirilmi\u015ftir.<\/p><p>Bununla birlikte, bu bilgilerin korunmas\u0131 Avrupa \u0130nsan Haklar\u0131 S\u00f6zle\u015fmesi\u2019nin 8. maddesi uyar\u0131nca \u00f6zel hayat\u0131n ve haberle\u015fmenin gizlili\u011fi hakk\u0131 kapsam\u0131nda da g\u00fcvence alt\u0131ndad\u0131r.<\/p><p>Ayr\u0131ca, T\u00fcrkiye Cumhuriyeti mevzuat\u0131na g\u00f6re bu bilgiler, 6698 say\u0131l\u0131 Ki\u015fisel Verilerin Korunmas\u0131 Kanunu (KVKK) kapsam\u0131nda ki\u015fisel veri niteli\u011fi ta\u015f\u0131mas\u0131 h\u00e2linde hukuki koruma alt\u0131ndad\u0131r.<\/p><p>Taraflar aras\u0131nda akdedilen s\u00f6zle\u015fmeler ve Bor\u00e7lar Kanunu\u2019nun genel h\u00fck\u00fcmleri uyar\u0131nca da s\u0131r saklama y\u00fck\u00fcml\u00fcl\u00fc\u011f\u00fc ge\u00e7erlidir.<\/p><p>Bu nedenle, bu belge kapsam\u0131ndaki bilgiler, hem ulusal hem de uluslararas\u0131 hukuk ilkeleri do\u011frultusunda gizli tutulmal\u0131d\u0131r.<\/p><p>Metni onayl\u0131yorsan\u0131z &#8220;Okudum, onayl\u0131yorum&#8221; butonuna t\u0131klay\u0131n\u0131z.<\/p>\t\t\t\t\t\t\t\t<\/div>\n\t\t\t\t<\/div>\n\t\t\t\t\t<\/div>\n\t\t\t\t<\/div>\n\t\t\t\t<\/div>","protected":false},"excerpt":{"rendered":"<p>YASAL Y\u00dcK\u00dcML\u00dcL\u00dcKLER Bu g\u00f6nderi ve eklerinde yer alan bilgiler, t\u00fczel ve \u00f6zel ki\u015filer aras\u0131nda \u00f6zel hukuk h\u00fck\u00fcmlerine tabi olup, hi\u00e7bir surette \u00fc\u00e7\u00fcnc\u00fc taraflarla payla\u015f\u0131lmamal\u0131d\u0131r. Bu y\u00fck\u00fcml\u00fcl\u00fck yaln\u0131zca taraflar aras\u0131ndaki g\u00fcven ilkesine de\u011fil, ayn\u0131 zamanda 1966 tarihli \u0130ktisadi, Sosyal ve K\u00fclt\u00fcrel Haklar Uluslararas\u0131 S\u00f6zle\u015fmesi (ICESCR) \u00e7er\u00e7evesinde tan\u0131nan veri gizlili\u011fi ilkelerine dayanmaktad\u0131r. Ayr\u0131ca bu gizlilik y\u00fck\u00fcml\u00fcl\u00fc\u011f\u00fc, 1969&#8230;<\/p>","protected":false},"author":1,"featured_media":0,"parent":0,"menu_order":0,"comment_status":"closed","ping_status":"closed","template":"","meta":{"footnotes":""},"class_list":["post-4172","page","type-page","status-publish","hentry"],"yoast_head":"<!-- This site is optimized with the Yoast SEO Premium plugin v26.6 (Yoast SEO v26.8) - https:\/\/yoast.com\/product\/yoast-seo-premium-wordpress\/ -->\n<title>Yasal Y\u00fck\u00fcml\u00fcl\u00fckler - KesTech- Transfer Makinas\u0131<\/title>\n<meta name=\"robots\" content=\"index, follow, max-snippet:-1, max-image-preview:large, max-video-preview:-1\" \/>\n<link rel=\"canonical\" href=\"https:\/\/www.kes-tech.com\/es\/yasal-yukumlulukler\/\" \/>\n<meta property=\"og:locale\" content=\"es_ES\" \/>\n<meta property=\"og:type\" content=\"article\" \/>\n<meta property=\"og:title\" content=\"Yasal Y\u00fck\u00fcml\u00fcl\u00fckler\" \/>\n<meta property=\"og:description\" content=\"YASAL Y\u00dcK\u00dcML\u00dcL\u00dcKLER Bu g\u00f6nderi ve eklerinde yer alan bilgiler, t\u00fczel ve \u00f6zel ki\u015filer aras\u0131nda \u00f6zel hukuk h\u00fck\u00fcmlerine tabi olup, hi\u00e7bir surette \u00fc\u00e7\u00fcnc\u00fc taraflarla payla\u015f\u0131lmamal\u0131d\u0131r. Bu y\u00fck\u00fcml\u00fcl\u00fck yaln\u0131zca taraflar aras\u0131ndaki g\u00fcven ilkesine de\u011fil, ayn\u0131 zamanda 1966 tarihli \u0130ktisadi, Sosyal ve K\u00fclt\u00fcrel Haklar Uluslararas\u0131 S\u00f6zle\u015fmesi (ICESCR) \u00e7er\u00e7evesinde tan\u0131nan veri gizlili\u011fi ilkelerine dayanmaktad\u0131r. Ayr\u0131ca bu gizlilik y\u00fck\u00fcml\u00fcl\u00fc\u011f\u00fc, 1969...\" \/>\n<meta property=\"og:url\" content=\"https:\/\/www.kes-tech.com\/es\/yasal-yukumlulukler\/\" \/>\n<meta property=\"og:site_name\" content=\"KesTech- Transfer Makinas\u0131\" \/>\n<meta property=\"article:publisher\" content=\"https:\/\/www.facebook.com\/Kestechmakine\/?locale=tr_TR\" \/>\n<meta property=\"article:modified_time\" content=\"2025-08-05T21:21:56+00:00\" \/>\n<meta property=\"og:image\" content=\"https:\/\/www.kes-tech.com\/wp-content\/uploads\/2025\/06\/promodel.png\" \/>\n\t<meta property=\"og:image:width\" content=\"1080\" \/>\n\t<meta property=\"og:image:height\" content=\"1080\" \/>\n\t<meta property=\"og:image:type\" content=\"image\/png\" \/>\n<meta name=\"twitter:card\" content=\"summary_large_image\" \/>\n<meta name=\"twitter:label1\" content=\"Tiempo de lectura\" \/>\n\t<meta name=\"twitter:data1\" content=\"1 minuto\" \/>\n<script type=\"application\/ld+json\" class=\"yoast-schema-graph\">{\"@context\":\"https:\/\/schema.org\",\"@graph\":[{\"@type\":\"WebPage\",\"@id\":\"https:\/\/www.kes-tech.com\/yasal-yukumlulukler\/\",\"url\":\"https:\/\/www.kes-tech.com\/yasal-yukumlulukler\/\",\"name\":\"Yasal Y\u00fck\u00fcml\u00fcl\u00fckler - KesTech- Transfer Makinas\u0131\",\"isPartOf\":{\"@id\":\"https:\/\/www.kes-tech.com\/#website\"},\"datePublished\":\"2021-04-06T12:47:18+00:00\",\"dateModified\":\"2025-08-05T21:21:56+00:00\",\"breadcrumb\":{\"@id\":\"https:\/\/www.kes-tech.com\/yasal-yukumlulukler\/#breadcrumb\"},\"inLanguage\":\"es\",\"potentialAction\":[{\"@type\":\"ReadAction\",\"target\":[\"https:\/\/www.kes-tech.com\/yasal-yukumlulukler\/\"]}]},{\"@type\":\"BreadcrumbList\",\"@id\":\"https:\/\/www.kes-tech.com\/yasal-yukumlulukler\/#breadcrumb\",\"itemListElement\":[{\"@type\":\"ListItem\",\"position\":1,\"name\":\"Anasayfa\",\"item\":\"https:\/\/www.kes-tech.com\/\"},{\"@type\":\"ListItem\",\"position\":2,\"name\":\"Yasal Y\u00fck\u00fcml\u00fcl\u00fckler\"}]},{\"@type\":\"WebSite\",\"@id\":\"https:\/\/www.kes-tech.com\/#website\",\"url\":\"https:\/\/www.kes-tech.com\/\",\"name\":\"KesTech- CNC Transfer Makinas\u0131\",\"description\":\"CNC Transfer Makinesi\",\"publisher\":{\"@id\":\"https:\/\/www.kes-tech.com\/#organization\"},\"alternateName\":\"CNC Transfer Makinas\u0131, Alt\u0131 Milli Kayar Otomat\",\"potentialAction\":[{\"@type\":\"SearchAction\",\"target\":{\"@type\":\"EntryPoint\",\"urlTemplate\":\"https:\/\/www.kes-tech.com\/?s={search_term_string}\"},\"query-input\":{\"@type\":\"PropertyValueSpecification\",\"valueRequired\":true,\"valueName\":\"search_term_string\"}}],\"inLanguage\":\"es\"},{\"@type\":\"Organization\",\"@id\":\"https:\/\/www.kes-tech.com\/#organization\",\"name\":\"KesTech-CNC Transfer Makinas\u0131\",\"alternateName\":\"CNC Transfer Makinas\u0131, Alt\u0131 Milli Kayar Otomat\",\"url\":\"https:\/\/www.kes-tech.com\/\",\"logo\":{\"@type\":\"ImageObject\",\"inLanguage\":\"es\",\"@id\":\"https:\/\/www.kes-tech.com\/#\/schema\/logo\/image\/\",\"url\":\"https:\/\/www.kes-tech.com\/wp-content\/uploads\/2025\/07\/Transfer-Makinesi-004.webp\",\"contentUrl\":\"https:\/\/www.kes-tech.com\/wp-content\/uploads\/2025\/07\/Transfer-Makinesi-004.webp\",\"width\":1024,\"height\":576,\"caption\":\"KesTech-CNC Transfer Makinas\u0131\"},\"image\":{\"@id\":\"https:\/\/www.kes-tech.com\/#\/schema\/logo\/image\/\"},\"sameAs\":[\"https:\/\/www.facebook.com\/Kestechmakine\/?locale=tr_TR\",\"https:\/\/www.linkedin.com\/company\/kestech\/\",\"https:\/\/www.instagram.com\/rotary.transfer\/\",\"https:\/\/www.youtube.com\/@kestechrotarytransfermachi90\"]}]}<\/script>\n<!-- \/ Yoast SEO Premium plugin. -->","yoast_head_json":{"title":"Yasal Y\u00fck\u00fcml\u00fcl\u00fckler - KesTech- Transfer Makinas\u0131","robots":{"index":"index","follow":"follow","max-snippet":"max-snippet:-1","max-image-preview":"max-image-preview:large","max-video-preview":"max-video-preview:-1"},"canonical":"https:\/\/www.kes-tech.com\/es\/yasal-yukumlulukler\/","og_locale":"es_ES","og_type":"article","og_title":"Yasal Y\u00fck\u00fcml\u00fcl\u00fckler","og_description":"YASAL Y\u00dcK\u00dcML\u00dcL\u00dcKLER Bu g\u00f6nderi ve eklerinde yer alan bilgiler, t\u00fczel ve \u00f6zel ki\u015filer aras\u0131nda \u00f6zel hukuk h\u00fck\u00fcmlerine tabi olup, hi\u00e7bir surette \u00fc\u00e7\u00fcnc\u00fc taraflarla payla\u015f\u0131lmamal\u0131d\u0131r. Bu y\u00fck\u00fcml\u00fcl\u00fck yaln\u0131zca taraflar aras\u0131ndaki g\u00fcven ilkesine de\u011fil, ayn\u0131 zamanda 1966 tarihli \u0130ktisadi, Sosyal ve K\u00fclt\u00fcrel Haklar Uluslararas\u0131 S\u00f6zle\u015fmesi (ICESCR) \u00e7er\u00e7evesinde tan\u0131nan veri gizlili\u011fi ilkelerine dayanmaktad\u0131r. Ayr\u0131ca bu gizlilik y\u00fck\u00fcml\u00fcl\u00fc\u011f\u00fc, 1969...","og_url":"https:\/\/www.kes-tech.com\/es\/yasal-yukumlulukler\/","og_site_name":"KesTech- Transfer Makinas\u0131","article_publisher":"https:\/\/www.facebook.com\/Kestechmakine\/?locale=tr_TR","article_modified_time":"2025-08-05T21:21:56+00:00","og_image":[{"width":1080,"height":1080,"url":"https:\/\/www.kes-tech.com\/wp-content\/uploads\/2025\/06\/promodel.png","type":"image\/png"}],"twitter_card":"summary_large_image","twitter_misc":{"Tiempo de lectura":"1 minuto"},"schema":{"@context":"https:\/\/schema.org","@graph":[{"@type":"WebPage","@id":"https:\/\/www.kes-tech.com\/yasal-yukumlulukler\/","url":"https:\/\/www.kes-tech.com\/yasal-yukumlulukler\/","name":"Yasal Y\u00fck\u00fcml\u00fcl\u00fckler - KesTech- Transfer Makinas\u0131","isPartOf":{"@id":"https:\/\/www.kes-tech.com\/#website"},"datePublished":"2021-04-06T12:47:18+00:00","dateModified":"2025-08-05T21:21:56+00:00","breadcrumb":{"@id":"https:\/\/www.kes-tech.com\/yasal-yukumlulukler\/#breadcrumb"},"inLanguage":"es","potentialAction":[{"@type":"ReadAction","target":["https:\/\/www.kes-tech.com\/yasal-yukumlulukler\/"]}]},{"@type":"BreadcrumbList","@id":"https:\/\/www.kes-tech.com\/yasal-yukumlulukler\/#breadcrumb","itemListElement":[{"@type":"ListItem","position":1,"name":"Anasayfa","item":"https:\/\/www.kes-tech.com\/"},{"@type":"ListItem","position":2,"name":"Yasal Y\u00fck\u00fcml\u00fcl\u00fckler"}]},{"@type":"WebSite","@id":"https:\/\/www.kes-tech.com\/#website","url":"https:\/\/www.kes-tech.com\/","name":"KesTech- CNC Transfer Makinas\u0131","description":"CNC Transfer Makinesi","publisher":{"@id":"https:\/\/www.kes-tech.com\/#organization"},"alternateName":"CNC Transfer Makinas\u0131, Alt\u0131 Milli Kayar Otomat","potentialAction":[{"@type":"SearchAction","target":{"@type":"EntryPoint","urlTemplate":"https:\/\/www.kes-tech.com\/?s={search_term_string}"},"query-input":{"@type":"PropertyValueSpecification","valueRequired":true,"valueName":"search_term_string"}}],"inLanguage":"es"},{"@type":"Organization","@id":"https:\/\/www.kes-tech.com\/#organization","name":"KesTech-CNC Transfer Makinas\u0131","alternateName":"CNC Transfer Makinas\u0131, Alt\u0131 Milli Kayar Otomat","url":"https:\/\/www.kes-tech.com\/","logo":{"@type":"ImageObject","inLanguage":"es","@id":"https:\/\/www.kes-tech.com\/#\/schema\/logo\/image\/","url":"https:\/\/www.kes-tech.com\/wp-content\/uploads\/2025\/07\/Transfer-Makinesi-004.webp","contentUrl":"https:\/\/www.kes-tech.com\/wp-content\/uploads\/2025\/07\/Transfer-Makinesi-004.webp","width":1024,"height":576,"caption":"KesTech-CNC Transfer Makinas\u0131"},"image":{"@id":"https:\/\/www.kes-tech.com\/#\/schema\/logo\/image\/"},"sameAs":["https:\/\/www.facebook.com\/Kestechmakine\/?locale=tr_TR","https:\/\/www.linkedin.com\/company\/kestech\/","https:\/\/www.instagram.com\/rotary.transfer\/","https:\/\/www.youtube.com\/@kestechrotarytransfermachi90"]}]}},"_links":{"self":[{"href":"https:\/\/www.kes-tech.com\/es\/wp-json\/wp\/v2\/pages\/4172","targetHints":{"allow":["GET"]}}],"collection":[{"href":"https:\/\/www.kes-tech.com\/es\/wp-json\/wp\/v2\/pages"}],"about":[{"href":"https:\/\/www.kes-tech.com\/es\/wp-json\/wp\/v2\/types\/page"}],"author":[{"embeddable":true,"href":"https:\/\/www.kes-tech.com\/es\/wp-json\/wp\/v2\/users\/1"}],"replies":[{"embeddable":true,"href":"https:\/\/www.kes-tech.com\/es\/wp-json\/wp\/v2\/comments?post=4172"}],"version-history":[{"count":5,"href":"https:\/\/www.kes-tech.com\/es\/wp-json\/wp\/v2\/pages\/4172\/revisions"}],"predecessor-version":[{"id":17940,"href":"https:\/\/www.kes-tech.com\/es\/wp-json\/wp\/v2\/pages\/4172\/revisions\/17940"}],"wp:attachment":[{"href":"https:\/\/www.kes-tech.com\/es\/wp-json\/wp\/v2\/media?parent=4172"}],"curies":[{"name":"wp","href":"https:\/\/api.w.org\/{rel}","templated":true}]}}